{"id":35483,"date":"2023-03-31T16:02:22","date_gmt":"2023-03-31T13:02:22","guid":{"rendered":"https:\/\/www.onedose.io\/information-security-policy-and-practice-procedure-2\/"},"modified":"2024-08-12T14:13:43","modified_gmt":"2024-08-12T11:13:43","slug":"information-society-services","status":"publish","type":"page","link":"https:\/\/www.onedose.io\/en\/information-society-services\/","title":{"rendered":"Information Society Services"},"content":{"rendered":"<div class=\"wpb-content-wrapper\">[vc_row pix_particles_check=&#8221;&#8221; css=&#8221;.vc_custom_1689773585289{padding-top: 30px !important;}&#8221;][vc_column][vc_column_text css=&#8221;&#8221;]\r\n<h3 style=\"text-align: left;\"><strong>One Dose Sa\u011fl\u0131k Teknolojileri Anonim \u015eirketi<\/strong><\/h3>\n\n<h4><strong>General Information:<\/strong><\/h4>\n<strong>City:<\/strong> Ankara <strong>Date of Establishment:<\/strong> 19-03-2021 <strong>Company Status:<\/strong> Active <strong>Address:<\/strong> Konutkent Mah. 3028th Street. No: 8D Interior Door No: 27 \u00c7ankaya\/ANKARA  <strong>Company Registration Date:<\/strong> 24-11-2022  <strong>Company Type:<\/strong> Joint Stock Company with More Than One Shareholder  \n<h3><strong>Contact Information:<\/strong><\/h3>\n\n\n<strong>Phone:<\/strong> 0850 450 06 06  <strong>Tax Office<\/strong> Doganbey Tax Office  <strong>Tax No:<\/strong> 5441280493  <strong>Trade Registry Directorate:<\/strong> Ankara Trade Registry Directorate  <strong>Trade Name:<\/strong> One Dose Sa\u011fl\u0131k Teknolojileri Anonim \u015eirketi  <strong>Trade Registry Number:<\/strong> 451279  <strong>Mersis No:<\/strong> 0544128049300001  <strong>Internet Address:<\/strong> <a href=\"https:\/\/www.onedose.io\/en\/\">https:\/\/www.onedose.io\/<\/a>[\/vc_column_text][\/vc_column][\/vc_row]<\/div>","protected":false},"excerpt":{"rendered":"[vc_row pix_particles_check=&#8221;&#8221; css=&#8221;.vc_custom_1689773585289{padding-top: 30px !important;}&#8221;][vc_column][vc_column_text css=&#8221;&#8221;] One Dose Sa\u011fl\u0131k Teknolojileri Anonim \u015eirketi General Information: City: Ankara Date of Establishment: 19-03-2021 Company Status: Active Address: Konutkent Mah. 3028th Street. No: 8D Interior Door No: 27 \u00c7ankaya\/ANKARA Company Registration Date: 24-11-2022 Company&#8230;","protected":false},"author":6,"featured_media":0,"parent":0,"menu_order":0,"comment_status":"closed","ping_status":"closed","template":"","meta":{"footnotes":""},"class_list":["post-35483","page","type-page","status-publish","hentry"],"yoast_head":"<!-- This site is optimized with the Yoast SEO Premium plugin v24.0 (Yoast SEO v27.3) - https:\/\/yoast.com\/product\/yoast-seo-premium-wordpress\/ -->\n<title>Information Society Services - One Dose<\/title>\n<meta name=\"robots\" content=\"noindex, nofollow\" \/>\n<meta property=\"og:locale\" content=\"en_US\" \/>\n<meta property=\"og:type\" content=\"article\" \/>\n<meta property=\"og:title\" content=\"Information Society Services\" \/>\n<meta property=\"og:description\" content=\"[vc_row pix_particles_check=&#8221;&#8221; css=&#8221;.vc_custom_1689773585289{padding-top: 30px !important;}&#8221;][vc_column][vc_column_text css=&#8221;&#8221;] One Dose Sa\u011fl\u0131k Teknolojileri Anonim \u015eirketi General Information: City: Ankara Date of Establishment: 19-03-2021 Company Status: Active Address: Konutkent Mah. 3028th Street. No: 8D Interior Door No: 27 \u00c7ankaya\/ANKARA Company Registration Date: 24-11-2022 Company...\" \/>\n<meta property=\"og:url\" content=\"https:\/\/www.onedose.io\/en\/information-society-services\/\" \/>\n<meta property=\"og:site_name\" content=\"One Dose\" \/>\n<meta property=\"article:publisher\" content=\"https:\/\/www.facebook.com\/One-Dose-Health-118078991228812\" \/>\n<meta property=\"article:modified_time\" content=\"2024-08-12T11:13:43+00:00\" \/>\n<meta property=\"og:image\" content=\"https:\/\/www.onedose.io\/wp-content\/uploads\/2023\/04\/onedose_black.png\" \/>\n\t<meta property=\"og:image:width\" content=\"314\" \/>\n\t<meta property=\"og:image:height\" content=\"193\" \/>\n\t<meta property=\"og:image:type\" content=\"image\/png\" \/>\n<meta name=\"twitter:card\" content=\"summary_large_image\" \/>\n<meta name=\"twitter:site\" content=\"@onedose_health\" \/>\n<meta name=\"twitter:label1\" content=\"Est. reading time\" \/>\n\t<meta name=\"twitter:data1\" content=\"1 minute\" \/>\n<script type=\"application\/ld+json\" class=\"yoast-schema-graph\">{\"@context\":\"https:\\\/\\\/schema.org\",\"@graph\":[{\"@type\":\"WebPage\",\"@id\":\"https:\\\/\\\/www.onedose.io\\\/en\\\/information-society-services\\\/\",\"url\":\"https:\\\/\\\/www.onedose.io\\\/en\\\/information-society-services\\\/\",\"name\":\"Information Society Services - One Dose\",\"isPartOf\":{\"@id\":\"https:\\\/\\\/www.onedose.io\\\/en\\\/#website\"},\"datePublished\":\"2023-03-31T13:02:22+00:00\",\"dateModified\":\"2024-08-12T11:13:43+00:00\",\"breadcrumb\":{\"@id\":\"https:\\\/\\\/www.onedose.io\\\/en\\\/information-society-services\\\/#breadcrumb\"},\"inLanguage\":\"en-US\",\"potentialAction\":[{\"@type\":\"ReadAction\",\"target\":[\"https:\\\/\\\/www.onedose.io\\\/en\\\/information-society-services\\\/\"]}]},{\"@type\":\"BreadcrumbList\",\"@id\":\"https:\\\/\\\/www.onedose.io\\\/en\\\/information-society-services\\\/#breadcrumb\",\"itemListElement\":[{\"@type\":\"ListItem\",\"position\":1,\"name\":\"Anasayfa\",\"item\":\"https:\\\/\\\/www.onedose.io\\\/en\\\/\"},{\"@type\":\"ListItem\",\"position\":2,\"name\":\"Information Society Services\"}]},{\"@type\":\"WebSite\",\"@id\":\"https:\\\/\\\/www.onedose.io\\\/en\\\/#website\",\"url\":\"https:\\\/\\\/www.onedose.io\\\/en\\\/\",\"name\":\"One Dose Health\",\"description\":\"Sa\u011fl\u0131kta Yeni Bir D\u00fcnya\",\"publisher\":{\"@id\":\"https:\\\/\\\/www.onedose.io\\\/en\\\/#organization\"},\"potentialAction\":[{\"@type\":\"SearchAction\",\"target\":{\"@type\":\"EntryPoint\",\"urlTemplate\":\"https:\\\/\\\/www.onedose.io\\\/en\\\/?s={search_term_string}\"},\"query-input\":{\"@type\":\"PropertyValueSpecification\",\"valueRequired\":true,\"valueName\":\"search_term_string\"}}],\"inLanguage\":\"en-US\"},{\"@type\":\"Organization\",\"@id\":\"https:\\\/\\\/www.onedose.io\\\/en\\\/#organization\",\"name\":\"One Dose\",\"url\":\"https:\\\/\\\/www.onedose.io\\\/en\\\/\",\"logo\":{\"@type\":\"ImageObject\",\"inLanguage\":\"en-US\",\"@id\":\"https:\\\/\\\/www.onedose.io\\\/en\\\/#\\\/schema\\\/logo\\\/image\\\/\",\"url\":\"https:\\\/\\\/www.onedose.io\\\/wp-content\\\/uploads\\\/2023\\\/04\\\/onedose_black.png\",\"contentUrl\":\"https:\\\/\\\/www.onedose.io\\\/wp-content\\\/uploads\\\/2023\\\/04\\\/onedose_black.png\",\"width\":314,\"height\":193,\"caption\":\"One Dose\"},\"image\":{\"@id\":\"https:\\\/\\\/www.onedose.io\\\/en\\\/#\\\/schema\\\/logo\\\/image\\\/\"},\"sameAs\":[\"https:\\\/\\\/www.facebook.com\\\/One-Dose-Health-118078991228812\",\"https:\\\/\\\/x.com\\\/onedose_health\",\"https:\\\/\\\/www.instagram.com\\\/onedosehealth\\\/\",\"https:\\\/\\\/www.youtube.com\\\/@onedosehealth\"]}]}<\/script>\n<!-- \/ Yoast SEO Premium plugin. -->","yoast_head_json":{"title":"Information Society Services - One Dose","robots":{"index":"noindex","follow":"nofollow"},"og_locale":"en_US","og_type":"article","og_title":"Information Society Services","og_description":"[vc_row pix_particles_check=&#8221;&#8221; css=&#8221;.vc_custom_1689773585289{padding-top: 30px !important;}&#8221;][vc_column][vc_column_text css=&#8221;&#8221;] One Dose Sa\u011fl\u0131k Teknolojileri Anonim \u015eirketi General Information: City: Ankara Date of Establishment: 19-03-2021 Company Status: Active Address: Konutkent Mah. 3028th Street. No: 8D Interior Door No: 27 \u00c7ankaya\/ANKARA Company Registration Date: 24-11-2022 Company...","og_url":"https:\/\/www.onedose.io\/en\/information-society-services\/","og_site_name":"One Dose","article_publisher":"https:\/\/www.facebook.com\/One-Dose-Health-118078991228812","article_modified_time":"2024-08-12T11:13:43+00:00","og_image":[{"width":314,"height":193,"url":"https:\/\/www.onedose.io\/wp-content\/uploads\/2023\/04\/onedose_black.png","type":"image\/png"}],"twitter_card":"summary_large_image","twitter_site":"@onedose_health","twitter_misc":{"Est. reading time":"1 minute"},"schema":{"@context":"https:\/\/schema.org","@graph":[{"@type":"WebPage","@id":"https:\/\/www.onedose.io\/en\/information-society-services\/","url":"https:\/\/www.onedose.io\/en\/information-society-services\/","name":"Information Society Services - One Dose","isPartOf":{"@id":"https:\/\/www.onedose.io\/en\/#website"},"datePublished":"2023-03-31T13:02:22+00:00","dateModified":"2024-08-12T11:13:43+00:00","breadcrumb":{"@id":"https:\/\/www.onedose.io\/en\/information-society-services\/#breadcrumb"},"inLanguage":"en-US","potentialAction":[{"@type":"ReadAction","target":["https:\/\/www.onedose.io\/en\/information-society-services\/"]}]},{"@type":"BreadcrumbList","@id":"https:\/\/www.onedose.io\/en\/information-society-services\/#breadcrumb","itemListElement":[{"@type":"ListItem","position":1,"name":"Anasayfa","item":"https:\/\/www.onedose.io\/en\/"},{"@type":"ListItem","position":2,"name":"Information Society Services"}]},{"@type":"WebSite","@id":"https:\/\/www.onedose.io\/en\/#website","url":"https:\/\/www.onedose.io\/en\/","name":"One Dose Health","description":"Sa\u011fl\u0131kta Yeni Bir D\u00fcnya","publisher":{"@id":"https:\/\/www.onedose.io\/en\/#organization"},"potentialAction":[{"@type":"SearchAction","target":{"@type":"EntryPoint","urlTemplate":"https:\/\/www.onedose.io\/en\/?s={search_term_string}"},"query-input":{"@type":"PropertyValueSpecification","valueRequired":true,"valueName":"search_term_string"}}],"inLanguage":"en-US"},{"@type":"Organization","@id":"https:\/\/www.onedose.io\/en\/#organization","name":"One Dose","url":"https:\/\/www.onedose.io\/en\/","logo":{"@type":"ImageObject","inLanguage":"en-US","@id":"https:\/\/www.onedose.io\/en\/#\/schema\/logo\/image\/","url":"https:\/\/www.onedose.io\/wp-content\/uploads\/2023\/04\/onedose_black.png","contentUrl":"https:\/\/www.onedose.io\/wp-content\/uploads\/2023\/04\/onedose_black.png","width":314,"height":193,"caption":"One Dose"},"image":{"@id":"https:\/\/www.onedose.io\/en\/#\/schema\/logo\/image\/"},"sameAs":["https:\/\/www.facebook.com\/One-Dose-Health-118078991228812","https:\/\/x.com\/onedose_health","https:\/\/www.instagram.com\/onedosehealth\/","https:\/\/www.youtube.com\/@onedosehealth"]}]}},"_links":{"self":[{"href":"https:\/\/www.onedose.io\/en\/wp-json\/wp\/v2\/pages\/35483","targetHints":{"allow":["GET"]}}],"collection":[{"href":"https:\/\/www.onedose.io\/en\/wp-json\/wp\/v2\/pages"}],"about":[{"href":"https:\/\/www.onedose.io\/en\/wp-json\/wp\/v2\/types\/page"}],"author":[{"embeddable":true,"href":"https:\/\/www.onedose.io\/en\/wp-json\/wp\/v2\/users\/6"}],"replies":[{"embeddable":true,"href":"https:\/\/www.onedose.io\/en\/wp-json\/wp\/v2\/comments?post=35483"}],"version-history":[{"count":32,"href":"https:\/\/www.onedose.io\/en\/wp-json\/wp\/v2\/pages\/35483\/revisions"}],"predecessor-version":[{"id":40529,"href":"https:\/\/www.onedose.io\/en\/wp-json\/wp\/v2\/pages\/35483\/revisions\/40529"}],"wp:attachment":[{"href":"https:\/\/www.onedose.io\/en\/wp-json\/wp\/v2\/media?parent=35483"}],"curies":[{"name":"wp","href":"https:\/\/api.w.org\/{rel}","templated":true}]}}