{"id":35508,"date":"2023-03-31T16:21:39","date_gmt":"2023-03-31T13:21:39","guid":{"rendered":"https:\/\/www.onedose.io\/our-certificates\/"},"modified":"2025-09-26T16:17:16","modified_gmt":"2025-09-26T13:17:16","slug":"our-certificates","status":"publish","type":"page","link":"https:\/\/www.onedose.io\/en\/our-certificates\/","title":{"rendered":"Our Certificates"},"content":{"rendered":"<div class=\"wpb-content-wrapper\">[vc_section full_width=&#8221;stretch_row&#8221; full_height=&#8221;yes&#8221; content_placement=&#8221;middle&#8221; pix_over_visibility=&#8221;&#8221; responsive_css=&#8221;{&#8220;pix_res_sm_pt&#8220;:&#8220;60&#8220;,&#8220;pix_res_md_pt&#8220;:&#8220;60&#8220;}&#8221; css=&#8221;.vc_custom_1716986532338{padding-top: 30px !important;padding-bottom: 10px !important;}&#8221;][vc_row full_width=&#8221;stretch_row&#8221; pix_particles_check=&#8221;&#8221;][vc_column]<div  class=\"pix-heading-el text-center \"><h2 class=\"text-primary font-weight-bold h2 heading-text el-title_custom_color mb-12\" style=\"\" data-anim-type=\"\" data-anim-delay=\"0\">&lt;h1&gt;One Dose Health Certificates&lt;\/h1&gt;<\/h2><\/div><div class=\"pix-el-text w-100 text-center  vc_custom_1680271303078\" ><div class=\"d-inline-block\" style=\"max-width:800px;\"><p class=\"text-20  text-body-default text-center \" >Remote Health Service Provider registered by the Ministry of Health<\/p><\/div><\/div>[\/vc_column][\/vc_row][vc_row pix_particles_check=&#8221;&#8221; css=&#8221;.vc_custom_1613437372156{padding-top: 30px !important;}&#8221;][vc_column][vc_row_inner equal_height=&#8221;yes&#8221; content_placement=&#8221;middle&#8221;][vc_column_inner width=&#8221;1\/3&#8243;]<div class=\"pix-content-box card      vc_custom_1613451230203    rounded-10 shadow-lg shadow-hover-lg fly-sm bg- w-100  \"   ><div class=\"scene scene-over\"><\/div><div class=\"\" style=\"z-index:30;position:relative;\"><a class=\"text-center \"  aria-label=\"icon\" href=\"https:\/\/www.onedose.io\/wp-content\/uploads\/2025\/05\/Telehealth-Certification-Certificate-1.pdf\" target=\"_self\"><div id=\"duo-icon-4104694\" class=\"pix-icon text-center  vc_custom_1748268447074\"><div class=\"feature_img position-relative \"   style=\"\"><img decoding=\"async\" style=\"width:;height:;\" class=\"pix-fit-cover \" src=\"https:\/\/www.onedose.io\/wp-content\/uploads\/2025\/05\/07_goldseal_bw-kopyasi-1.jpg\" alt=\"\"><\/div><\/div><\/a><div class=\"pix-el-text w-100 text-center  vc_custom_1748269114436\" ><div class=\"d-inline-block\" style=\"max-width:600px;\"><p class=\"text-20 m-0 text-heading-default text-center font-weight-bold secondary-font\" ><a href=\"https:\/\/www.onedose.io\/wp-content\/uploads\/2025\/05\/Telehealth-Certification-Certificate-1.pdf\" target=\"_blank\" rel=\"noopener\">JCl<\/a><\/p><\/div><\/div><div class=\"pix-el-text w-100 text-center  vc_custom_1748268371385\" ><div class=\"d-inline-block\" style=\"max-width:600px;\"><p class=\"text-20 m-0 text-body-default text-center \" ><a href=\"https:\/\/www.onedose.io\/wp-content\/uploads\/2025\/05\/Telehealth-Certification-Certificate-1.pdf\" target=\"_blank\" rel=\"noopener\">Joint Comission International TeleHealth Certificate<\/a><\/p><\/div><\/div><\/div><\/div>[\/vc_column_inner][vc_column_inner width=&#8221;1\/3&#8243;]<div class=\"pix-content-box card      vc_custom_1613451230203    rounded-10 shadow-lg shadow-hover-lg fly-sm bg- w-100  \"   ><div class=\"scene scene-over\"><\/div><div class=\"\" style=\"z-index:30;position:relative;\"><a class=\"text-center \"  aria-label=\"icon\" href=\"https:\/\/www.onedose.io\/wp-content\/uploads\/2024\/09\/One-dose-27701.pdf\" target=\"_blank\"><div id=\"duo-icon-113558522\" class=\"pix-icon text-center  vc_custom_1725521178924\"><div class=\"feature_img position-relative \"   style=\"\"><img decoding=\"async\" style=\"width:;height:;\" class=\"pix-fit-cover \" src=\"https:\/\/www.onedose.io\/wp-content\/uploads\/2020\/09\/iso-04-1-e1677857288106.webp\" alt=\"\"><\/div><\/div><\/a><div class=\"pix-el-text w-100 text-center  vc_custom_1758104828985\" ><div class=\"d-inline-block\" style=\"max-width:600px;\"><p class=\"text-20 m-0 text-heading-default text-center font-weight-bold secondary-font\" ><a href=\"https:\/\/www.onedose.io\/wp-content\/uploads\/2025\/09\/0727_001.pdf\" target=\"_blank\" rel=\"noopener\">Personal Data Management<\/a><\/p><\/div><\/div><div class=\"pix-el-text w-100 text-center  vc_custom_1758104837687\" ><div class=\"d-inline-block\" style=\"max-width:600px;\"><p class=\"text-20 m-0 text-body-default text-center \" ><a href=\"https:\/\/www.onedose.io\/wp-content\/uploads\/2025\/09\/0727_001.pdf\" target=\"_blank\" rel=\"noopener\">ISO 27701 Personal Data Management System<\/a><\/p><\/div><\/div><\/div><\/div>[\/vc_column_inner][vc_column_inner width=&#8221;1\/3&#8243;]<div class=\"pix-content-box card      vc_custom_1613451340378    rounded-10 shadow-lg shadow-hover-lg fly-sm bg- w-100  \"   ><div class=\"scene scene-over\"><\/div><div class=\"\" style=\"z-index:30;position:relative;\"><a class=\"text-center \"  aria-label=\"icon\" href=\"https:\/\/www.onedose.io\/wp-content\/uploads\/2024\/10\/ONE-DOSE_13485.pdf\" target=\"_blank\"><div id=\"duo-icon-64267148\" class=\"pix-icon text-center  vc_custom_1728023795206\"><div class=\"feature_img position-relative \"   style=\"\"><img decoding=\"async\" style=\"width:;height:;\" class=\"pix-fit-cover \" src=\"https:\/\/www.onedose.io\/wp-content\/uploads\/2020\/09\/iso-03-e1677829025439.webp\" alt=\"\"><\/div><\/div><\/a><div class=\"pix-el-text w-100 text-center  vc_custom_1758892626955\" ><div class=\"d-inline-block\" style=\"max-width:600px;\"><p class=\"text-20 m-0 text-heading-default text-center font-weight-bold secondary-font\" ><a href=\"https:\/\/www.onedose.io\/wp-content\/uploads\/2025\/09\/13485_BBS.pdf\" target=\"_blank\" rel=\"noopener\">Quality Management<\/a><\/p><\/div><\/div><div class=\"pix-el-text w-100 text-center  vc_custom_1758891965408\" ><div class=\"d-inline-block\" style=\"max-width:600px;\"><p class=\"text-20 m-0 text-body-default text-center \" ><a href=\"https:\/\/www.onedose.io\/wp-content\/uploads\/2025\/09\/13485_BBS.pdf\" target=\"_blank\" rel=\"noopener\">ISO 13485 Medical Devices Quality Management System<\/a><\/p><\/div><\/div><\/div><\/div>[\/vc_column_inner][\/vc_row_inner][vc_row_inner equal_height=&#8221;yes&#8221; content_placement=&#8221;middle&#8221;][vc_column_inner width=&#8221;1\/3&#8243;]<div class=\"pix-content-box card      vc_custom_1613451230203    rounded-10 shadow-lg shadow-hover-lg fly-sm bg- w-100  \"   ><div class=\"scene scene-over\"><\/div><div class=\"\" style=\"z-index:30;position:relative;\"><a class=\"text-center \"  aria-label=\"icon\" href=\"https:\/\/www.onedose.io\/wp-content\/uploads\/2024\/05\/ONE_DOSE_Spice-1.pdf\" target=\"_blank\"><div id=\"duo-icon-8016329\" class=\"pix-icon text-center  vc_custom_1716881968327\"><div class=\"feature_img position-relative \"   style=\"\"><img decoding=\"async\" style=\"width:;height:;\" class=\"pix-fit-cover \" src=\"https:\/\/www.onedose.io\/wp-content\/uploads\/2020\/09\/iso-02-e1677829249436.webp\" alt=\"\"><\/div><\/div><\/a><div class=\"pix-el-text w-100 text-center  vc_custom_1756454643001\" ><div class=\"d-inline-block\" style=\"max-width:600px;\"><p class=\"text-20 m-0 text-heading-default text-center font-weight-bold secondary-font\" ><a href=\"https:\/\/www.onedose.io\/wp-content\/uploads\/2025\/08\/TS-ISO-IEC-SPICE-SERTIFIKASI-ONE-DOSE.pdf\" target=\"_blank\" rel=\"noopener\">Software Processes<\/a><\/p><\/div><\/div><div class=\"pix-el-text w-100 text-center  vc_custom_1756409357290\" ><div class=\"d-inline-block\" style=\"max-width:600px;\"><p class=\"text-20 m-0 text-body-default text-center \" ><a href=\"https:\/\/www.onedose.io\/wp-content\/uploads\/2025\/08\/TS-ISO-IEC-SPICE-SERTIFIKASI-ONE-DOSE.pdf\" target=\"_blank\" rel=\"noopener\">ISO 15504 SPICE Software Process Evaluation System<\/a><\/p><\/div><\/div><\/div><\/div>[\/vc_column_inner][vc_column_inner width=&#8221;1\/3&#8243;]<div class=\"pix-content-box card      vc_custom_1613451230203    rounded-10 shadow-lg shadow-hover-lg fly-sm bg- w-100  \"   ><div class=\"scene scene-over\"><\/div><div class=\"\" style=\"z-index:30;position:relative;\"><a class=\"text-center \"  aria-label=\"icon\" href=\"https:\/\/www.onedose.io\/wp-content\/uploads\/2024\/09\/One-dose-27001.pdf\" target=\"_blank\"><div id=\"duo-icon-198456107\" class=\"pix-icon text-center  vc_custom_1725521209517\"><div class=\"feature_img position-relative \"   style=\"\"><img decoding=\"async\" style=\"width:;height:;\" class=\"pix-fit-cover \" src=\"https:\/\/www.onedose.io\/wp-content\/uploads\/2020\/09\/iso-01-e1677829235278.webp\" alt=\"\"><\/div><\/div><\/a><div class=\"pix-el-text w-100 text-center  vc_custom_1758104804305\" ><div class=\"d-inline-block\" style=\"max-width:600px;\"><p class=\"text-20 m-0 text-heading-default text-center font-weight-bold secondary-font\" ><a href=\"https:\/\/www.onedose.io\/wp-content\/uploads\/2025\/09\/0726_001.pdf\" target=\"_blank\" rel=\"noopener\">Information Security<\/a><\/p><\/div><\/div><div class=\"pix-el-text w-100 text-center  vc_custom_1758104818838\" ><div class=\"d-inline-block\" style=\"max-width:600px;\"><p class=\"text-20 m-0 text-body-default text-center \" ><a href=\"https:\/\/www.onedose.io\/wp-content\/uploads\/2025\/09\/0726_001.pdf\" target=\"_blank\" rel=\"noopener\">ISO 27001 Information Security Management System<\/a><\/p><\/div><\/div><\/div><\/div>[\/vc_column_inner][vc_column_inner width=&#8221;1\/3&#8243;]<div class=\"pix-content-box card      vc_custom_1613451340378    rounded-10 shadow-lg shadow-hover-lg fly-sm bg- w-100  \"   ><div class=\"scene scene-over\"><\/div><div class=\"\" style=\"z-index:30;position:relative;\"><div id=\"duo-icon-66987382\" class=\"pix-icon text-center  vc_custom_1680270859503\"><div class=\"feature_img position-relative \"   style=\"\"><img decoding=\"async\" style=\"width:;height:;\" class=\"pix-fit-cover \" src=\"https:\/\/www.onedose.io\/wp-content\/uploads\/2020\/09\/iec62304-e1677829258703.webp\" alt=\"\"><\/div><\/div><div class=\"pix-el-text w-100 text-center  vc_custom_1680270864019\" ><div class=\"d-inline-block\" style=\"max-width:600px;\"><p class=\"text-20 m-0 text-heading-default text-center font-weight-bold secondary-font\" >Validation<\/p><\/div><\/div><div class=\"pix-el-text w-100 text-center  vc_custom_1680270875534\" ><div class=\"d-inline-block\" style=\"max-width:600px;\"><p class=\"text-20 m-0 text-body-default text-center \" >IEC 62304 Medical Device Software Lifecycle Processes<\/p><\/div><\/div><\/div><\/div>[\/vc_column_inner][\/vc_row_inner][vc_row_inner equal_height=&#8221;yes&#8221; content_placement=&#8221;middle&#8221;][vc_column_inner width=&#8221;1\/3&#8243;][\/vc_column_inner][\/vc_row_inner][\/vc_column][\/vc_row][\/vc_section][vc_row content_placement=&#8221;middle&#8221; pix_particles_check=&#8221;&#8221; css=&#8221;.vc_custom_1716986548101{padding-bottom: 30px !important;}&#8221;][vc_column content_align=&#8221;text-center&#8221;]<a  href=\"https:\/\/www.onedose.io\/one-dose-saglik-teknolojileri-entegre-yonetim-sistemleri-politikasi\/\" class=\"btn mb-2     shadow-sm btn-primary d-inline-flex align-items-center pix-hover-item       animate-in btn-md\" target=\"_blank\" rel=\"noopener\"  data-anim-type=\"fade-in-left\" data-anim-delay=\"800\" ><svg class=\"pixfort-icon font-weight-bold  pix-hover-left  mr-2\" width=\"24\" height=\"24\"  data-name=\"Line\/pixfort-icon-file-check-1\" viewBox=\"2 2 20 20\"><path fill=\"none\" stroke=\"var(--pf-icon-color)\" stroke-linecap=\"round\" stroke-linejoin=\"round\" stroke-width=\"var(--pf-icon-stroke-width)\" d=\"M7,3 L12.8727869,3 L12.8727869,3 C14.9175556,4.48800639 17.4920457,6.76866015 19,8.65347855 L19,19 C19,20.1045695 18.1045695,21 17,21 L7,21 C5.8954305,21 5,20.1045695 5,19 L5,5 C5,3.8954305 5.8954305,3 7,3 Z M12.6586405,3 L12.5665066,6.3715119 C12.5226946,7.9747483 13.7868579,9.30994479 15.3900943,9.35375673 C15.5249374,9.35744162 15.6598734,9.35172666 15.793922,9.33665338 L19,8.97614154 L19,8.97614154 M9.5,14 L11,15.5 L14,12.5\"\/><\/svg><span class=\"font-weight-bold \" >Integrated Management Systems Policy<\/span><\/a>[\/vc_column][\/vc_row][vc_section full_width=&#8221;stretch_row&#8221; pix_over_visibility=&#8221;&#8221;][vc_row pix_particles_check=&#8221;&#8221;][vc_column][vc_separator border_width=&#8221;2&#8243; css=&#8221;&#8221;][\/vc_column][\/vc_row][\/vc_section]<\/div>","protected":false},"excerpt":{"rendered":"[vc_section full_width=&#8221;stretch_row&#8221; full_height=&#8221;yes&#8221; content_placement=&#8221;middle&#8221; pix_over_visibility=&#8221;&#8221; responsive_css=&#8221;{&#8220;pix_res_sm_pt&#8220;:&#8220;60&#8220;,&#8220;pix_res_md_pt&#8220;:&#8220;60&#8220;}&#8221; css=&#8221;.vc_custom_1716986532338{padding-top: 30px !important;padding-bottom: 10px !important;}&#8221;][vc_row full_width=&#8221;stretch_row&#8221; pix_particles_check=&#8221;&#8221;][vc_column][\/vc_column][\/vc_row][vc_row pix_particles_check=&#8221;&#8221; css=&#8221;.vc_custom_1613437372156{padding-top: 30px !important;}&#8221;][vc_column][vc_row_inner equal_height=&#8221;yes&#8221; content_placement=&#8221;middle&#8221;][vc_column_inner width=&#8221;1\/3&#8243;][\/vc_column_inner][vc_column_inner width=&#8221;1\/3&#8243;][\/vc_column_inner][vc_column_inner width=&#8221;1\/3&#8243;][\/vc_column_inner][\/vc_row_inner][vc_row_inner equal_height=&#8221;yes&#8221; content_placement=&#8221;middle&#8221;][vc_column_inner width=&#8221;1\/3&#8243;][\/vc_column_inner][vc_column_inner width=&#8221;1\/3&#8243;][\/vc_column_inner][vc_column_inner width=&#8221;1\/3&#8243;][\/vc_column_inner][\/vc_row_inner][vc_row_inner equal_height=&#8221;yes&#8221; content_placement=&#8221;middle&#8221;][vc_column_inner width=&#8221;1\/3&#8243;][\/vc_column_inner][\/vc_row_inner][\/vc_column][\/vc_row][\/vc_section][vc_row content_placement=&#8221;middle&#8221; pix_particles_check=&#8221;&#8221; css=&#8221;.vc_custom_1716986548101{padding-bottom: 30px !important;}&#8221;][vc_column content_align=&#8221;text-center&#8221;][\/vc_column][\/vc_row][vc_section full_width=&#8221;stretch_row&#8221; pix_over_visibility=&#8221;&#8221;][vc_row pix_particles_check=&#8221;&#8221;][vc_column][vc_separator border_width=&#8221;2&#8243;&#8230;","protected":false},"author":6,"featured_media":0,"parent":0,"menu_order":0,"comment_status":"closed","ping_status":"closed","template":"","meta":{"footnotes":""},"class_list":["post-35508","page","type-page","status-publish","hentry"],"yoast_head":"<!-- This site is optimized with the Yoast SEO Premium plugin v24.0 (Yoast SEO v27.5) - https:\/\/yoast.com\/product\/yoast-seo-premium-wordpress\/ -->\n<title>One Dose Certificates<\/title>\n<meta name=\"description\" content=\"One Dose Health, a Remote Health Service Provider registered by the Ministry of Health\" \/>\n<meta name=\"robots\" content=\"index, follow, max-snippet:-1, max-image-preview:large, max-video-preview:-1\" \/>\n<link rel=\"canonical\" href=\"https:\/\/www.onedose.io\/en\/our-certificates\/\" \/>\n<meta property=\"og:locale\" content=\"en_US\" \/>\n<meta property=\"og:type\" content=\"article\" \/>\n<meta property=\"og:title\" content=\"Our Certificates\" \/>\n<meta property=\"og:description\" content=\"One Dose Health, a Remote Health Service Provider registered by the Ministry of Health\" \/>\n<meta property=\"og:url\" content=\"https:\/\/www.onedose.io\/en\/our-certificates\/\" \/>\n<meta property=\"og:site_name\" content=\"One Dose\" \/>\n<meta property=\"article:publisher\" content=\"https:\/\/www.facebook.com\/One-Dose-Health-118078991228812\" \/>\n<meta property=\"article:modified_time\" content=\"2025-09-26T13:17:16+00:00\" \/>\n<meta property=\"og:image\" content=\"https:\/\/www.onedose.io\/wp-content\/uploads\/2023\/04\/onedose_black.png\" \/>\n\t<meta property=\"og:image:width\" content=\"314\" \/>\n\t<meta property=\"og:image:height\" content=\"193\" \/>\n\t<meta property=\"og:image:type\" content=\"image\/png\" \/>\n<meta name=\"twitter:card\" content=\"summary_large_image\" \/>\n<meta name=\"twitter:site\" content=\"@onedose_health\" \/>\n<meta name=\"twitter:label1\" content=\"Est. reading time\" \/>\n\t<meta name=\"twitter:data1\" content=\"4 minutes\" \/>\n<script type=\"application\/ld+json\" class=\"yoast-schema-graph\">{\"@context\":\"https:\\\/\\\/schema.org\",\"@graph\":[{\"@type\":\"WebPage\",\"@id\":\"https:\\\/\\\/www.onedose.io\\\/en\\\/our-certificates\\\/\",\"url\":\"https:\\\/\\\/www.onedose.io\\\/en\\\/our-certificates\\\/\",\"name\":\"One Dose Certificates\",\"isPartOf\":{\"@id\":\"https:\\\/\\\/www.onedose.io\\\/en\\\/#website\"},\"datePublished\":\"2023-03-31T13:21:39+00:00\",\"dateModified\":\"2025-09-26T13:17:16+00:00\",\"description\":\"One Dose Health, a Remote Health Service Provider registered by the Ministry of Health\",\"breadcrumb\":{\"@id\":\"https:\\\/\\\/www.onedose.io\\\/en\\\/our-certificates\\\/#breadcrumb\"},\"inLanguage\":\"en-US\",\"potentialAction\":[{\"@type\":\"ReadAction\",\"target\":[\"https:\\\/\\\/www.onedose.io\\\/en\\\/our-certificates\\\/\"]}]},{\"@type\":\"BreadcrumbList\",\"@id\":\"https:\\\/\\\/www.onedose.io\\\/en\\\/our-certificates\\\/#breadcrumb\",\"itemListElement\":[{\"@type\":\"ListItem\",\"position\":1,\"name\":\"Anasayfa\",\"item\":\"https:\\\/\\\/www.onedose.io\\\/en\\\/\"},{\"@type\":\"ListItem\",\"position\":2,\"name\":\"Our Certificates\"}]},{\"@type\":\"WebSite\",\"@id\":\"https:\\\/\\\/www.onedose.io\\\/en\\\/#website\",\"url\":\"https:\\\/\\\/www.onedose.io\\\/en\\\/\",\"name\":\"One Dose Health\",\"description\":\"Sa\u011fl\u0131kta Yeni Bir D\u00fcnya\",\"publisher\":{\"@id\":\"https:\\\/\\\/www.onedose.io\\\/en\\\/#organization\"},\"potentialAction\":[{\"@type\":\"SearchAction\",\"target\":{\"@type\":\"EntryPoint\",\"urlTemplate\":\"https:\\\/\\\/www.onedose.io\\\/en\\\/?s={search_term_string}\"},\"query-input\":{\"@type\":\"PropertyValueSpecification\",\"valueRequired\":true,\"valueName\":\"search_term_string\"}}],\"inLanguage\":\"en-US\"},{\"@type\":\"Organization\",\"@id\":\"https:\\\/\\\/www.onedose.io\\\/en\\\/#organization\",\"name\":\"One Dose\",\"url\":\"https:\\\/\\\/www.onedose.io\\\/en\\\/\",\"logo\":{\"@type\":\"ImageObject\",\"inLanguage\":\"en-US\",\"@id\":\"https:\\\/\\\/www.onedose.io\\\/en\\\/#\\\/schema\\\/logo\\\/image\\\/\",\"url\":\"https:\\\/\\\/www.onedose.io\\\/wp-content\\\/uploads\\\/2023\\\/04\\\/onedose_black.png\",\"contentUrl\":\"https:\\\/\\\/www.onedose.io\\\/wp-content\\\/uploads\\\/2023\\\/04\\\/onedose_black.png\",\"width\":314,\"height\":193,\"caption\":\"One Dose\"},\"image\":{\"@id\":\"https:\\\/\\\/www.onedose.io\\\/en\\\/#\\\/schema\\\/logo\\\/image\\\/\"},\"sameAs\":[\"https:\\\/\\\/www.facebook.com\\\/One-Dose-Health-118078991228812\",\"https:\\\/\\\/x.com\\\/onedose_health\",\"https:\\\/\\\/www.instagram.com\\\/onedosehealth\\\/\",\"https:\\\/\\\/www.youtube.com\\\/@onedosehealth\"]}]}<\/script>\n<!-- \/ Yoast SEO Premium plugin. -->","yoast_head_json":{"title":"One Dose Certificates","description":"One Dose Health, a Remote Health Service Provider registered by the Ministry of Health","robots":{"index":"index","follow":"follow","max-snippet":"max-snippet:-1","max-image-preview":"max-image-preview:large","max-video-preview":"max-video-preview:-1"},"canonical":"https:\/\/www.onedose.io\/en\/our-certificates\/","og_locale":"en_US","og_type":"article","og_title":"Our Certificates","og_description":"One Dose Health, a Remote Health Service Provider registered by the Ministry of Health","og_url":"https:\/\/www.onedose.io\/en\/our-certificates\/","og_site_name":"One Dose","article_publisher":"https:\/\/www.facebook.com\/One-Dose-Health-118078991228812","article_modified_time":"2025-09-26T13:17:16+00:00","og_image":[{"width":314,"height":193,"url":"https:\/\/www.onedose.io\/wp-content\/uploads\/2023\/04\/onedose_black.png","type":"image\/png"}],"twitter_card":"summary_large_image","twitter_site":"@onedose_health","twitter_misc":{"Est. reading time":"4 minutes"},"schema":{"@context":"https:\/\/schema.org","@graph":[{"@type":"WebPage","@id":"https:\/\/www.onedose.io\/en\/our-certificates\/","url":"https:\/\/www.onedose.io\/en\/our-certificates\/","name":"One Dose Certificates","isPartOf":{"@id":"https:\/\/www.onedose.io\/en\/#website"},"datePublished":"2023-03-31T13:21:39+00:00","dateModified":"2025-09-26T13:17:16+00:00","description":"One Dose Health, a Remote Health Service Provider registered by the Ministry of Health","breadcrumb":{"@id":"https:\/\/www.onedose.io\/en\/our-certificates\/#breadcrumb"},"inLanguage":"en-US","potentialAction":[{"@type":"ReadAction","target":["https:\/\/www.onedose.io\/en\/our-certificates\/"]}]},{"@type":"BreadcrumbList","@id":"https:\/\/www.onedose.io\/en\/our-certificates\/#breadcrumb","itemListElement":[{"@type":"ListItem","position":1,"name":"Anasayfa","item":"https:\/\/www.onedose.io\/en\/"},{"@type":"ListItem","position":2,"name":"Our Certificates"}]},{"@type":"WebSite","@id":"https:\/\/www.onedose.io\/en\/#website","url":"https:\/\/www.onedose.io\/en\/","name":"One Dose Health","description":"Sa\u011fl\u0131kta Yeni Bir D\u00fcnya","publisher":{"@id":"https:\/\/www.onedose.io\/en\/#organization"},"potentialAction":[{"@type":"SearchAction","target":{"@type":"EntryPoint","urlTemplate":"https:\/\/www.onedose.io\/en\/?s={search_term_string}"},"query-input":{"@type":"PropertyValueSpecification","valueRequired":true,"valueName":"search_term_string"}}],"inLanguage":"en-US"},{"@type":"Organization","@id":"https:\/\/www.onedose.io\/en\/#organization","name":"One Dose","url":"https:\/\/www.onedose.io\/en\/","logo":{"@type":"ImageObject","inLanguage":"en-US","@id":"https:\/\/www.onedose.io\/en\/#\/schema\/logo\/image\/","url":"https:\/\/www.onedose.io\/wp-content\/uploads\/2023\/04\/onedose_black.png","contentUrl":"https:\/\/www.onedose.io\/wp-content\/uploads\/2023\/04\/onedose_black.png","width":314,"height":193,"caption":"One Dose"},"image":{"@id":"https:\/\/www.onedose.io\/en\/#\/schema\/logo\/image\/"},"sameAs":["https:\/\/www.facebook.com\/One-Dose-Health-118078991228812","https:\/\/x.com\/onedose_health","https:\/\/www.instagram.com\/onedosehealth\/","https:\/\/www.youtube.com\/@onedosehealth"]}]}},"_links":{"self":[{"href":"https:\/\/www.onedose.io\/en\/wp-json\/wp\/v2\/pages\/35508","targetHints":{"allow":["GET"]}}],"collection":[{"href":"https:\/\/www.onedose.io\/en\/wp-json\/wp\/v2\/pages"}],"about":[{"href":"https:\/\/www.onedose.io\/en\/wp-json\/wp\/v2\/types\/page"}],"author":[{"embeddable":true,"href":"https:\/\/www.onedose.io\/en\/wp-json\/wp\/v2\/users\/6"}],"replies":[{"embeddable":true,"href":"https:\/\/www.onedose.io\/en\/wp-json\/wp\/v2\/comments?post=35508"}],"version-history":[{"count":112,"href":"https:\/\/www.onedose.io\/en\/wp-json\/wp\/v2\/pages\/35508\/revisions"}],"predecessor-version":[{"id":43749,"href":"https:\/\/www.onedose.io\/en\/wp-json\/wp\/v2\/pages\/35508\/revisions\/43749"}],"wp:attachment":[{"href":"https:\/\/www.onedose.io\/en\/wp-json\/wp\/v2\/media?parent=35508"}],"curies":[{"name":"wp","href":"https:\/\/api.w.org\/{rel}","templated":true}]}}