{"id":35621,"date":"2023-04-05T14:30:39","date_gmt":"2023-04-05T11:30:39","guid":{"rendered":"https:\/\/www.onedose.io\/our-licenses\/"},"modified":"2025-04-18T14:02:39","modified_gmt":"2025-04-18T11:02:39","slug":"our-licenses","status":"publish","type":"page","link":"https:\/\/www.onedose.io\/en\/our-licenses\/","title":{"rendered":"Our Licenses"},"content":{"rendered":"<div class=\"wpb-content-wrapper\">[vc_section full_width=&#8221;stretch_row&#8221; pix_over_visibility=&#8221;&#8221; bottom_divider_select=&#8221;19&#8243; b_has_animation=&#8221;true&#8221; b_2_is_gradient=&#8221;true&#8221; b_2_color=&#8221;rgba(255,255,255,0.7)&#8221; b_2_color_2=&#8221;rgba(255,255,255,0.7)&#8221; b_2_animation=&#8221;fade-in-up&#8221; b_3_is_gradient=&#8221;true&#8221; b_3_color=&#8221;#e9ecef&#8221; b_3_color_2=&#8221;#dee2e6&#8243; b_3_animation=&#8221;fade-in-up&#8221; css=&#8221;.vc_custom_1680699541104{padding-top: 40px !important;padding-bottom: 80px !important;background-color: #f8f9fa !important;}&#8221; b_3_delay=&#8221;200&#8243;][vc_row pix_particles_check=&#8221;&#8221;][vc_column content_align=&#8221;text-center&#8221;]<div id=\"el1680699439770-4283a5e1-7d50\" class=\"mb-3 text-center  vc_custom_1696434747848\"><h2 class=\"mb-32 pix-sliding-headline-2 animate-in font-weight-bold secondary-font \" data-anim-type=\"pix-sliding-text\" pix-anim-delay=\"500\" data-class=\"secondary-font text-heading-default\" style=\"\"><span class=\"slide-in-container \"><span class=\"pix-sliding-item secondary-font text-heading-default\" style=\"transition-delay: 0ms;\">One&#32;<\/span><\/span> <span class=\"slide-in-container \"><span class=\"pix-sliding-item secondary-font text-heading-default\" style=\"transition-delay: 150ms;\">Dose&#32;<\/span><\/span> <span class=\"slide-in-container \"><span class=\"pix-sliding-item secondary-font text-heading-default\" style=\"transition-delay: 300ms;\">Health&#32;<\/span><\/span> <span class=\"slide-in-container \"><span class=\"pix-sliding-item secondary-font text-heading-default\" style=\"transition-delay: 450ms;\">License&#32;<\/span><\/span> <\/h2><\/div><div class=\"pix-el-text w-100 text-center \" ><p class=\"text-20  text-body-default text-center \" ><span class=\"text-body-default animate-in d-inline-block\" data-anim-delay=\"200\" data-anim-type=\"fade-in-up\">One Dose Health has a MIS and USBS infrastructure registered in the Ministry of Health&#8217;s Registration Tracking System and has also been deemed eligible to receive a Remote Health Service Activity Permit.<\/span><\/p><\/div>[\/vc_column][\/vc_row][vc_row pix_particles_check=&#8221;&#8221; css=&#8221;.vc_custom_1589160602713{padding-top: 40px !important;}&#8221;][vc_column]<div id=\"img-53b44366cbe95d381fe5aea1b2032900\" class=\"pix-img-element d-inline-block \" ><div class=\"animate-in d-inline-block\" data-anim-type=\"fade-in-up\" data-anim-delay=\"0\"><div class=\"pix-img-el    shadow-lg text-right d-inline-block  w-100 rounded-xl\"  ><img loading=\"lazy\" decoding=\"async\" width=\"896\" height=\"1260\" src=\"https:\/\/www.onedose.io\/wp-content\/uploads\/2024\/11\/One-Dose-Uygunluk-Belgesi-Ruhsat-.png\" class=\"pix-img-elem rounded-xl\" alt=\"Our Licenses\" srcset=\"https:\/\/www.onedose.io\/wp-content\/uploads\/2024\/11\/One-Dose-Uygunluk-Belgesi-Ruhsat-.png 896w, https:\/\/www.onedose.io\/wp-content\/uploads\/2024\/11\/One-Dose-Uygunluk-Belgesi-Ruhsat--213x300.png 213w, https:\/\/www.onedose.io\/wp-content\/uploads\/2024\/11\/One-Dose-Uygunluk-Belgesi-Ruhsat--728x1024.png 728w, https:\/\/www.onedose.io\/wp-content\/uploads\/2024\/11\/One-Dose-Uygunluk-Belgesi-Ruhsat--768x1080.png 768w\" sizes=\"auto, (max-width: 896px) 100vw, 896px\" \/><\/div><\/div><\/div>[\/vc_column][\/vc_row][vc_row pix_particles_check=&#8221;&#8221; css=&#8221;.vc_custom_1589160602713{padding-top: 40px !important;}&#8221;][vc_column]<div id=\"img-dc05a20bc5c2ef19775abd99d87739a3\" class=\"pix-img-element d-inline-block \" ><div class=\"animate-in d-inline-block\" data-anim-type=\"fade-in-up\" data-anim-delay=\"0\"><div class=\"pix-img-el    shadow-lg text-right d-inline-block  w-100 rounded-xl\"  ><img loading=\"lazy\" decoding=\"async\" width=\"900\" height=\"1268\" src=\"https:\/\/www.onedose.io\/wp-content\/uploads\/2024\/11\/One-Dose-Uzaktan-Saglik-Faaliyet-Belgesi-.png\" class=\"pix-img-elem rounded-xl\" alt=\"Our Licenses\" srcset=\"https:\/\/www.onedose.io\/wp-content\/uploads\/2024\/11\/One-Dose-Uzaktan-Saglik-Faaliyet-Belgesi-.png 900w, https:\/\/www.onedose.io\/wp-content\/uploads\/2024\/11\/One-Dose-Uzaktan-Saglik-Faaliyet-Belgesi--213x300.png 213w, https:\/\/www.onedose.io\/wp-content\/uploads\/2024\/11\/One-Dose-Uzaktan-Saglik-Faaliyet-Belgesi--727x1024.png 727w, https:\/\/www.onedose.io\/wp-content\/uploads\/2024\/11\/One-Dose-Uzaktan-Saglik-Faaliyet-Belgesi--768x1082.png 768w\" sizes=\"auto, (max-width: 900px) 100vw, 900px\" \/><\/div><\/div><\/div>[\/vc_column][\/vc_row][vc_row disable_element=&#8221;yes&#8221; pix_particles_check=&#8221;&#8221; css=&#8221;.vc_custom_1680699520314{padding-top: 40px !important;}&#8221;][vc_column offset=&#8221;vc_col-md-offset-2 vc_col-md-8&#8243;][vc_row_inner content_placement=&#8221;middle&#8221; css=&#8221;.vc_custom_1589160776771{padding-top: 20px !important;padding-bottom: 20px !important;}&#8221;][vc_column_inner width=&#8221;1\/3&#8243;]<div id=\"img-0ad21e1749df82fb21c206bc03a9f02e\" class=\"pix-img-element pix-img-div  text-center\"><div class=\"pix-img-el  vc_custom_1589160770500    text-center d-inline-block   rounded-0\"  ><img decoding=\"async\" alt=\"Image link\" class=\"pix-img-elem rounded-0\" src=\"https:\/\/essentials.pixfort.com\/original\/wp-content\/uploads\/sites\/4\/2020\/06\/essentials-logo-dark.png\" \/><\/div><\/div>[\/vc_column_inner][vc_column_inner width=&#8221;2\/3&#8243;]<div class=\"pix-el-text w-100  \" ><p class=\"  text-body-default  \" ><span class=\"text-body-default animate-in d-inline-block\" data-anim-delay=\"200\" data-anim-type=\"fade-in-up\">Lorem ipsum dolor sit amet, consectetur adipiscing elit, sed do eiusmod tempor incididunt ut labore et dolore magna aliqua. Dolar elite monda ont ca enim ad nowe minim veniam.<\/span><\/p><\/div>[\/vc_column_inner][\/vc_row_inner][\/vc_column][\/vc_row][\/vc_section]<\/div>","protected":false},"excerpt":{"rendered":"[vc_section full_width=&#8221;stretch_row&#8221; pix_over_visibility=&#8221;&#8221; bottom_divider_select=&#8221;19&#8243; b_has_animation=&#8221;true&#8221; b_2_is_gradient=&#8221;true&#8221; b_2_color=&#8221;rgba(255,255,255,0.7)&#8221; b_2_color_2=&#8221;rgba(255,255,255,0.7)&#8221; b_2_animation=&#8221;fade-in-up&#8221; b_3_is_gradient=&#8221;true&#8221; b_3_color=&#8221;#e9ecef&#8221; b_3_color_2=&#8221;#dee2e6&#8243; b_3_animation=&#8221;fade-in-up&#8221; css=&#8221;.vc_custom_1680699541104{padding-top: 40px !important;padding-bottom: 80px !important;background-color: #f8f9fa !important;}&#8221; b_3_delay=&#8221;200&#8243;][vc_row pix_particles_check=&#8221;&#8221;][vc_column content_align=&#8221;text-center&#8221;][\/vc_column][\/vc_row][vc_row pix_particles_check=&#8221;&#8221; css=&#8221;.vc_custom_1589160602713{padding-top: 40px !important;}&#8221;][vc_column][\/vc_column][\/vc_row][vc_row pix_particles_check=&#8221;&#8221; css=&#8221;.vc_custom_1589160602713{padding-top: 40px !important;}&#8221;][vc_column][\/vc_column][\/vc_row][vc_row disable_element=&#8221;yes&#8221; pix_particles_check=&#8221;&#8221; css=&#8221;.vc_custom_1680699520314{padding-top: 40px !important;}&#8221;][vc_column offset=&#8221;vc_col-md-offset-2 vc_col-md-8&#8243;][vc_row_inner content_placement=&#8221;middle&#8221; css=&#8221;.vc_custom_1589160776771{padding-top:&#8230;","protected":false},"author":6,"featured_media":0,"parent":0,"menu_order":0,"comment_status":"closed","ping_status":"closed","template":"","meta":{"footnotes":""},"class_list":["post-35621","page","type-page","status-publish","hentry"],"yoast_head":"<!-- This site is optimized with the Yoast SEO Premium plugin v24.0 (Yoast SEO v27.5) - https:\/\/yoast.com\/product\/yoast-seo-premium-wordpress\/ -->\n<title>Home Care Center - Our Licenses - % One Dose<\/title>\n<meta name=\"description\" content=\"Remote Health Service Provider - Home Care Center - Registered by the Ministry of Health - Our Licenses\" \/>\n<meta name=\"robots\" content=\"index, follow, max-snippet:-1, max-image-preview:large, max-video-preview:-1\" \/>\n<link rel=\"canonical\" href=\"https:\/\/www.onedose.io\/en\/our-licenses\/\" \/>\n<meta property=\"og:locale\" content=\"en_US\" \/>\n<meta property=\"og:type\" content=\"article\" \/>\n<meta property=\"og:title\" content=\"Our Licenses\" \/>\n<meta property=\"og:description\" content=\"Remote Health Service Provider - Home Care Center - Registered by the Ministry of Health - Our Licenses\" \/>\n<meta property=\"og:url\" content=\"https:\/\/www.onedose.io\/en\/our-licenses\/\" \/>\n<meta property=\"og:site_name\" content=\"One Dose\" \/>\n<meta property=\"article:publisher\" content=\"https:\/\/www.facebook.com\/One-Dose-Health-118078991228812\" \/>\n<meta property=\"article:modified_time\" content=\"2025-04-18T11:02:39+00:00\" \/>\n<meta property=\"og:image\" content=\"https:\/\/www.onedose.io\/wp-content\/uploads\/2023\/04\/onedose_black.png\" \/>\n\t<meta property=\"og:image:width\" content=\"314\" \/>\n\t<meta property=\"og:image:height\" content=\"193\" \/>\n\t<meta property=\"og:image:type\" content=\"image\/png\" \/>\n<meta name=\"twitter:card\" content=\"summary_large_image\" \/>\n<meta name=\"twitter:site\" content=\"@onedose_health\" \/>\n<meta name=\"twitter:label1\" content=\"Est. reading time\" \/>\n\t<meta name=\"twitter:data1\" content=\"1 minute\" \/>\n<script type=\"application\/ld+json\" class=\"yoast-schema-graph\">{\"@context\":\"https:\\\/\\\/schema.org\",\"@graph\":[{\"@type\":\"WebPage\",\"@id\":\"https:\\\/\\\/www.onedose.io\\\/en\\\/our-licenses\\\/\",\"url\":\"https:\\\/\\\/www.onedose.io\\\/en\\\/our-licenses\\\/\",\"name\":\"Home Care Center - Our Licenses - % One Dose\",\"isPartOf\":{\"@id\":\"https:\\\/\\\/www.onedose.io\\\/en\\\/#website\"},\"datePublished\":\"2023-04-05T11:30:39+00:00\",\"dateModified\":\"2025-04-18T11:02:39+00:00\",\"description\":\"Remote Health Service Provider - Home Care Center - Registered by the Ministry of Health - Our Licenses\",\"breadcrumb\":{\"@id\":\"https:\\\/\\\/www.onedose.io\\\/en\\\/our-licenses\\\/#breadcrumb\"},\"inLanguage\":\"en-US\",\"potentialAction\":[{\"@type\":\"ReadAction\",\"target\":[\"https:\\\/\\\/www.onedose.io\\\/en\\\/our-licenses\\\/\"]}]},{\"@type\":\"BreadcrumbList\",\"@id\":\"https:\\\/\\\/www.onedose.io\\\/en\\\/our-licenses\\\/#breadcrumb\",\"itemListElement\":[{\"@type\":\"ListItem\",\"position\":1,\"name\":\"Anasayfa\",\"item\":\"https:\\\/\\\/www.onedose.io\\\/en\\\/\"},{\"@type\":\"ListItem\",\"position\":2,\"name\":\"Our Licenses\"}]},{\"@type\":\"WebSite\",\"@id\":\"https:\\\/\\\/www.onedose.io\\\/en\\\/#website\",\"url\":\"https:\\\/\\\/www.onedose.io\\\/en\\\/\",\"name\":\"One Dose Health\",\"description\":\"Sa\u011fl\u0131kta Yeni Bir D\u00fcnya\",\"publisher\":{\"@id\":\"https:\\\/\\\/www.onedose.io\\\/en\\\/#organization\"},\"potentialAction\":[{\"@type\":\"SearchAction\",\"target\":{\"@type\":\"EntryPoint\",\"urlTemplate\":\"https:\\\/\\\/www.onedose.io\\\/en\\\/?s={search_term_string}\"},\"query-input\":{\"@type\":\"PropertyValueSpecification\",\"valueRequired\":true,\"valueName\":\"search_term_string\"}}],\"inLanguage\":\"en-US\"},{\"@type\":\"Organization\",\"@id\":\"https:\\\/\\\/www.onedose.io\\\/en\\\/#organization\",\"name\":\"One Dose\",\"url\":\"https:\\\/\\\/www.onedose.io\\\/en\\\/\",\"logo\":{\"@type\":\"ImageObject\",\"inLanguage\":\"en-US\",\"@id\":\"https:\\\/\\\/www.onedose.io\\\/en\\\/#\\\/schema\\\/logo\\\/image\\\/\",\"url\":\"https:\\\/\\\/www.onedose.io\\\/wp-content\\\/uploads\\\/2023\\\/04\\\/onedose_black.png\",\"contentUrl\":\"https:\\\/\\\/www.onedose.io\\\/wp-content\\\/uploads\\\/2023\\\/04\\\/onedose_black.png\",\"width\":314,\"height\":193,\"caption\":\"One Dose\"},\"image\":{\"@id\":\"https:\\\/\\\/www.onedose.io\\\/en\\\/#\\\/schema\\\/logo\\\/image\\\/\"},\"sameAs\":[\"https:\\\/\\\/www.facebook.com\\\/One-Dose-Health-118078991228812\",\"https:\\\/\\\/x.com\\\/onedose_health\",\"https:\\\/\\\/www.instagram.com\\\/onedosehealth\\\/\",\"https:\\\/\\\/www.youtube.com\\\/@onedosehealth\"]}]}<\/script>\n<!-- \/ Yoast SEO Premium plugin. -->","yoast_head_json":{"title":"Home Care Center - Our Licenses - % One Dose","description":"Remote Health Service Provider - Home Care Center - Registered by the Ministry of Health - Our Licenses","robots":{"index":"index","follow":"follow","max-snippet":"max-snippet:-1","max-image-preview":"max-image-preview:large","max-video-preview":"max-video-preview:-1"},"canonical":"https:\/\/www.onedose.io\/en\/our-licenses\/","og_locale":"en_US","og_type":"article","og_title":"Our Licenses","og_description":"Remote Health Service Provider - Home Care Center - Registered by the Ministry of Health - Our Licenses","og_url":"https:\/\/www.onedose.io\/en\/our-licenses\/","og_site_name":"One Dose","article_publisher":"https:\/\/www.facebook.com\/One-Dose-Health-118078991228812","article_modified_time":"2025-04-18T11:02:39+00:00","og_image":[{"width":314,"height":193,"url":"https:\/\/www.onedose.io\/wp-content\/uploads\/2023\/04\/onedose_black.png","type":"image\/png"}],"twitter_card":"summary_large_image","twitter_site":"@onedose_health","twitter_misc":{"Est. reading time":"1 minute"},"schema":{"@context":"https:\/\/schema.org","@graph":[{"@type":"WebPage","@id":"https:\/\/www.onedose.io\/en\/our-licenses\/","url":"https:\/\/www.onedose.io\/en\/our-licenses\/","name":"Home Care Center - Our Licenses - % One Dose","isPartOf":{"@id":"https:\/\/www.onedose.io\/en\/#website"},"datePublished":"2023-04-05T11:30:39+00:00","dateModified":"2025-04-18T11:02:39+00:00","description":"Remote Health Service Provider - Home Care Center - Registered by the Ministry of Health - Our Licenses","breadcrumb":{"@id":"https:\/\/www.onedose.io\/en\/our-licenses\/#breadcrumb"},"inLanguage":"en-US","potentialAction":[{"@type":"ReadAction","target":["https:\/\/www.onedose.io\/en\/our-licenses\/"]}]},{"@type":"BreadcrumbList","@id":"https:\/\/www.onedose.io\/en\/our-licenses\/#breadcrumb","itemListElement":[{"@type":"ListItem","position":1,"name":"Anasayfa","item":"https:\/\/www.onedose.io\/en\/"},{"@type":"ListItem","position":2,"name":"Our Licenses"}]},{"@type":"WebSite","@id":"https:\/\/www.onedose.io\/en\/#website","url":"https:\/\/www.onedose.io\/en\/","name":"One Dose Health","description":"Sa\u011fl\u0131kta Yeni Bir D\u00fcnya","publisher":{"@id":"https:\/\/www.onedose.io\/en\/#organization"},"potentialAction":[{"@type":"SearchAction","target":{"@type":"EntryPoint","urlTemplate":"https:\/\/www.onedose.io\/en\/?s={search_term_string}"},"query-input":{"@type":"PropertyValueSpecification","valueRequired":true,"valueName":"search_term_string"}}],"inLanguage":"en-US"},{"@type":"Organization","@id":"https:\/\/www.onedose.io\/en\/#organization","name":"One Dose","url":"https:\/\/www.onedose.io\/en\/","logo":{"@type":"ImageObject","inLanguage":"en-US","@id":"https:\/\/www.onedose.io\/en\/#\/schema\/logo\/image\/","url":"https:\/\/www.onedose.io\/wp-content\/uploads\/2023\/04\/onedose_black.png","contentUrl":"https:\/\/www.onedose.io\/wp-content\/uploads\/2023\/04\/onedose_black.png","width":314,"height":193,"caption":"One Dose"},"image":{"@id":"https:\/\/www.onedose.io\/en\/#\/schema\/logo\/image\/"},"sameAs":["https:\/\/www.facebook.com\/One-Dose-Health-118078991228812","https:\/\/x.com\/onedose_health","https:\/\/www.instagram.com\/onedosehealth\/","https:\/\/www.youtube.com\/@onedosehealth"]}]}},"_links":{"self":[{"href":"https:\/\/www.onedose.io\/en\/wp-json\/wp\/v2\/pages\/35621","targetHints":{"allow":["GET"]}}],"collection":[{"href":"https:\/\/www.onedose.io\/en\/wp-json\/wp\/v2\/pages"}],"about":[{"href":"https:\/\/www.onedose.io\/en\/wp-json\/wp\/v2\/types\/page"}],"author":[{"embeddable":true,"href":"https:\/\/www.onedose.io\/en\/wp-json\/wp\/v2\/users\/6"}],"replies":[{"embeddable":true,"href":"https:\/\/www.onedose.io\/en\/wp-json\/wp\/v2\/comments?post=35621"}],"version-history":[{"count":31,"href":"https:\/\/www.onedose.io\/en\/wp-json\/wp\/v2\/pages\/35621\/revisions"}],"predecessor-version":[{"id":42645,"href":"https:\/\/www.onedose.io\/en\/wp-json\/wp\/v2\/pages\/35621\/revisions\/42645"}],"wp:attachment":[{"href":"https:\/\/www.onedose.io\/en\/wp-json\/wp\/v2\/media?parent=35621"}],"curies":[{"name":"wp","href":"https:\/\/api.w.org\/{rel}","templated":true}]}}