{"id":36045,"date":"2023-05-03T15:32:14","date_gmt":"2023-05-03T12:32:14","guid":{"rendered":"https:\/\/www.onedose.io\/individual-health\/"},"modified":"2023-10-30T10:58:39","modified_gmt":"2023-10-30T07:58:39","slug":"individual-health","status":"publish","type":"page","link":"https:\/\/www.onedose.io\/en\/products\/individual-health\/","title":{"rendered":"Individual Health"},"content":{"rendered":"<div class=\"wpb-content-wrapper\">[vc_section full_width=&#8221;stretch_row&#8221; pix_over_visibility=&#8221;&#8221; pix_overlay_color=&#8221;custom&#8221; pix_overlay_custom_color=&#8221;#fff7ef&#8221; responsive_css=&#8221;{&#8220;pix_res_sm_pt&#8220;:&#8220;20&#8220;,&#8220;pix_res_md_pt&#8220;:&#8220;40&#8220;}&#8221; css=&#8221;.vc_custom_1683111756267{padding-top: 130px !important;padding-bottom: 130px !important;background-position: 0 0 !important;background-repeat: repeat !important;}&#8221; b_custom_height=&#8221;400px&#8221; pix_overlay_opacity=&#8221;0.95&#8243;][vc_row full_width=&#8221;stretch_row&#8221; pix_particles_check=&#8221;&#8221; css=&#8221;.vc_custom_1696435031656{padding-right: 20px !important;padding-bottom: 20px !important;}&#8221;][vc_column width=&#8221;1\/3&#8243;][\/vc_column][vc_column width=&#8221;1\/3&#8243;]<span class=\"pix-badge-element custom d-inline-flex mr-1 animate-in\" data-anim-type=\"fade-in-left\" data-anim-delay=\"600\"><span class=\"badge font-weight-bold badge-pill  bg-primary-light  vc_custom_1696435286459  \" style=\" \"><span class=\"text-primary\" style=\"\">\r\n<h1>Individual Health Products<\/h1>\r\n<\/span><\/span><\/span>[\/vc_column][vc_column width=&#8221;1\/3&#8243;][\/vc_column][\/vc_row][vc_row full_width=&#8221;stretch_row&#8221; pix_particles_check=&#8221;&#8221; css=&#8221;.vc_custom_1683111608642{padding-bottom: 120px !important;}&#8221;][vc_column]<div id=\"el1603922183310-55966048-2db9\" class=\"pix-highlighted-element text-center  vc_custom_1683117028356\"><div class=\"d-inline-block\" style=\"max-width:850px;\"><h2 class=\"pix-highlighted-items \" style=\"\" data-anim-type=\"\" data-anim-delay=\"0\"><span id=\"el1603922183310-55966048-2db9-0\"  class=\"\"><span   class=\"pix-highlighted-text  pix-highlight-item font-weight-normal  heading-font text-heading-default\">By the Republic of Turkey Ministry of Health  <\/span><\/span><span id=\"el1603922183310-55966048-2db9-1\" class=\"pix-highlight-bg  el1603922183310-55966048-2db9-1 animate-in\" data-anim-type=\"highlight-grow\" data-anim-delay=\"200\"><span   class=\"pix-highlighted-text pix-highlight-item font-weight-normal  font-weight-bold heading-font text-heading-default\">registered<\/span><\/span><\/h2><\/div><\/div><div class=\"pix-el-text w-100 text-center  vc_custom_1683111360102\" ><div class=\"d-inline-block\" style=\"max-width:500px;\"><p class=\"text-18  text-body-default text-center \" ><span class=\"text-body-default animate-in d-inline-block\" data-anim-delay=\"200\" data-anim-type=\"fade-in-up\">Just type a few letters of the word you are looking for.<\/span><\/p><\/div><\/div><div class=\"pix-search-div text-center\"><form class=\"pix-small-search pix-ajax-search-container position-relative shadow-sm rounded-lg pix-small-search  d-inline-block animate-in\" style=\"max-width:100%;width: 700px !important;\" data-anim-type=\"fade-in-left\" data-anim-delay=\"300\" method=\"get\" action=\"https:\/\/www.onedose.io\/en\/\">\n                <div class=\"d-flex\">\n                    <input type=\"search\" class=\"form-control pix-ajax-search form-control-lg shadow-0 font-weight-bold text-body-default\" name=\"s\" autocomplete=\"off\" placeholder=\"Search for something\" aria-label=\"Search\" value=\"\" data-search-link=\"https:\/\/www.onedose.io\/wp-admin\/admin-ajax.php?action=pix_ajax_search\">\n                    <button class=\"btn btn-search btn-white m-0 text-body-default\" aria-label=\"Search\" type=\"submit\">\n<svg width=\"18px\" height=\"18px\" viewBox=\"0 0 18 18\" version=\"1.1\" xmlns=\"http:\/\/www.w3.org\/2000\/svg\" xmlns:xlink=\"http:\/\/www.w3.org\/1999\/xlink\"><g id=\"Blog\" stroke=\"none\" stroke-width=\"1\" fill=\"none\" fill-rule=\"evenodd\"><g id=\"blog-with-sidebar\" transform=\"translate(-1217.000000, -831.000000)\" fill=\"#BBBBBB\" fill-rule=\"nonzero\"><g id=\"Search\" transform=\"translate(905.000000, 765.000000)\"><g id=\"search\" transform=\"translate(312.000000, 66.000000)\"><path d=\"M17.784,16.776 L12.168,11.124 C13.104,9.972 13.68,8.46 13.68,6.84 C13.68,3.06 10.62,0 6.84,0 C3.06,0 0,3.06 0,6.84 C0,10.62 3.06,13.68 6.84,13.68 C8.46,13.68 9.972,13.104 11.124,12.168 L16.74,17.784 C16.92,17.928 17.1,18 17.28,18 C17.46,18 17.64,17.928 17.784,17.784 C18.072,17.496 18.072,17.064 17.784,16.776 Z M1.44,6.84 C1.44,3.852 3.852,1.44 6.84,1.44 C9.828,1.44 12.24,3.852 12.24,6.84 C12.24,9.828 9.828,12.24 6.84,12.24 C3.852,12.24 1.44,9.828 1.44,6.84 Z\"><\/path><\/g><\/g><\/g><\/g><\/svg><\/button><\/div>\n            <\/form><\/div>[\/vc_column][\/vc_row][vc_row full_width=&#8221;stretch_row&#8221; pix_particles_check=&#8221;&#8221;][vc_column width=&#8221;1\/2&#8243;]<div class=\"pix-content-box card      vc_custom_1604714634502    rounded-10  bg- w-100  \"   ><div class=\"\" style=\"z-index:30;position:relative;\"><div id=\"pix-feature-1604275570482-9e138761-4efa\" class=\"pix-feature-el text-center  vc_custom_1683117199622\"><div class=\"pix-feature-icon d-inline-block mw-100 text-primary animate-in\" data-anim-type=\"fade-in-up\" data-anim-delay=\"\" style=\"aspect-ratio:1\/1 !important;position:relative;text-align:center;font-size:50px;line-height:50px;\"><svg class=\"pixfort-icon \" width=\"24\" height=\"24\"  data-name=\"Line\/pixfort-icon-browser-status-1\" viewBox=\"2 2 20 20\"><path fill=\"none\" stroke=\"var(--pf-icon-color)\" stroke-linecap=\"round\" stroke-linejoin=\"round\" stroke-width=\"var(--pf-icon-stroke-width)\" d=\"M3,9 L21,9 M6,6 L6.1,6 M9,6 L9.1,6 M12,6 L12.1,6 M5,3 L19,3 C20.1045695,3 21,3.8954305 21,5 L21,19 C21,20.1045695 20.1045695,21 19,21 L5,21 C3.8954305,21 3,20.1045695 3,19 L3,5 C3,3.8954305 3.8954305,3 5,3 Z M7,15.2 L8.66666667,15.2 L9.77777778,14 L11.4444444,18 L14.2222222,12 L15.3333333,15.2 L17,15.2\"\/><\/svg><\/div><h6 class=\"pix-feature-title  font-weight-bold   text-heading-default animate-in\" style=\"padding-top:30px;\" data-anim-type=\"fade-in-up\" data-anim-delay=\"100\">Diabetes Monitoring Package<\/h6><div class=\"pix-feature-content text-text-gray text-18     animate-in\" style=\"padding-top:10px;\" data-anim-type=\"fade-in-up\" data-anim-delay=\"200\"><\/div><\/div><a  href=\"..\/individual-health\/diabetes-monitoring-package\/\" class=\"btn mb-2      text-primary btn-underline-primary d-flex w-100  justify-content-center  align-items-center pix-hover-item  no-padding     animate-in btn-md\"   data-anim-type=\"fade-in-up\" data-anim-delay=\"400\" ><span class=\"font-weight-bold  text-primary\" >Go to Product<\/span><svg class=\"pixfort-icon font-weight-bold  pix-hover-right  ml-2\" width=\"24\" height=\"24\"  data-name=\"Line\/pixfort-icon-arrow-right-2\" viewBox=\"2 2 20 20\"><polyline fill=\"none\" stroke=\"var(--pf-icon-color)\" stroke-linecap=\"round\" stroke-linejoin=\"round\" stroke-width=\"var(--pf-icon-stroke-width)\" points=\"9.5 17 14.5 12 9.5 7\"\/><\/svg><\/a><\/div><\/div>[\/vc_column][vc_column width=&#8221;1\/2&#8243;]<div class=\"pix-content-box card      vc_custom_1604714639226    rounded-10  bg- w-100  \"   ><div class=\"\" style=\"z-index:30;position:relative;\"><div id=\"pix-feature-1604275570490-2b6026cb-48e8\" class=\"pix-feature-el text-center  vc_custom_1683117247202\"><div class=\"pix-feature-icon d-inline-block mw-100 text-primary animate-in\" data-anim-type=\"fade-in-up\" data-anim-delay=\"200\" style=\"aspect-ratio:1\/1 !important;position:relative;text-align:center;font-size:50px;line-height:50px;\"><svg class=\"pixfort-icon \" width=\"24\" height=\"24\"  data-name=\"Line\/pixfort-icon-browser-list-1\" viewBox=\"2 2 20 20\"><path fill=\"none\" stroke=\"var(--pf-icon-color)\" stroke-linecap=\"round\" stroke-linejoin=\"round\" stroke-width=\"var(--pf-icon-stroke-width)\" d=\"M3,9 L21,9 M5,3 L19,3 C20.1045695,3 21,3.8954305 21,5 L21,19 C21,20.1045695 20.1045695,21 19,21 L5,21 C3.8954305,21 3,20.1045695 3,19 L3,5 C3,3.8954305 3.8954305,3 5,3 Z M6,6 L6.1,6 M9,6 L9.1,6 M12,6 L12.1,6 M11,13 L17,13 M11,17 L17,17 M7,13 L7.75,13 M7,17 L7.75,17\"\/><\/svg><\/div><h6 class=\"pix-feature-title  font-weight-bold   text-heading-default animate-in\" style=\"padding-top:30px;\" data-anim-type=\"fade-in-up\" data-anim-delay=\"300\">Blood Pressure Monitoring Package<\/h6><div class=\"pix-feature-content text-text-gray text-18     animate-in\" style=\"padding-top:10px;\" data-anim-type=\"fade-in-up\" data-anim-delay=\"400\"><\/div><\/div><a  href=\"..\/individual-health\/blood-pressure-monitoring-package\/\" class=\"btn mb-2      text-primary btn-underline-primary d-flex w-100  justify-content-center  align-items-center pix-hover-item  no-padding     animate-in btn-md\"   data-anim-type=\"fade-in-up\" data-anim-delay=\"400\" ><span class=\"font-weight-bold  text-primary\" >Go to Product<\/span><svg class=\"pixfort-icon font-weight-bold  pix-hover-right  ml-2\" width=\"24\" height=\"24\"  data-name=\"Line\/pixfort-icon-arrow-right-2\" viewBox=\"2 2 20 20\"><polyline fill=\"none\" stroke=\"var(--pf-icon-color)\" stroke-linecap=\"round\" stroke-linejoin=\"round\" stroke-width=\"var(--pf-icon-stroke-width)\" points=\"9.5 17 14.5 12 9.5 7\"\/><\/svg><\/a><\/div><\/div>[\/vc_column][\/vc_row][vc_row full_width=&#8221;stretch_row&#8221; pix_particles_check=&#8221;&#8221;][vc_column width=&#8221;1\/2&#8243;]<div class=\"pix-content-box card      vc_custom_1604714634502    rounded-10  bg- w-100  \"   ><div class=\"\" style=\"z-index:30;position:relative;\"><div id=\"pix-feature-1683110782108-50cac5b6-a4b7\" class=\"pix-feature-el text-center  vc_custom_1683117279576\"><div class=\"pix-feature-icon d-inline-block mw-100 text-primary animate-in\" data-anim-type=\"fade-in-up\" data-anim-delay=\"\" style=\"aspect-ratio:1\/1 !important;position:relative;text-align:center;font-size:50px;line-height:50px;\"><svg class=\"pixfort-icon \" width=\"24\" height=\"24\"  data-name=\"Line\/pixfort-icon-browser-update-refresh-1\" viewBox=\"2 2 20 20\"><path fill=\"none\" stroke=\"var(--pf-icon-color)\" stroke-linecap=\"round\" stroke-linejoin=\"round\" stroke-width=\"var(--pf-icon-stroke-width)\" d=\"M3,9 L21,9 M6,6 L6.1,6 M9,6 L9.1,6 M12,6 L12.1,6 M10.2555334,21 C8.59586956,21 8.17735842,21 5,21 C3.8954305,21 3,20.1045695 3,19 L3,5 C3,3.8954305 3.8954305,3 5,3 L19,3 C20.1045695,3 21,3.8954305 21,5 L21,12 M20,17.5 C20,15.5670034 18.4329966,14 16.5,14 C15.8470459,14 15.2358533,14.1788023 14.7127137,14.4901153 M13,17.5 C13,19.4329966 14.5670034,21 16.5,21 C17.1266447,21 17.7148255,20.8353164 18.223624,20.5468673 M20,17.5 L20,18.5 M14,17.5 L13,16.5 L12,17.5 M13,17.5 L13,16.5 M19,17.5 L20,18.5 L21,17.5\"\/><\/svg><\/div><h6 class=\"pix-feature-title  font-weight-bold   text-heading-default animate-in\" style=\"padding-top:30px;\" data-anim-type=\"fade-in-up\" data-anim-delay=\"100\">Weight Tracking Package<\/h6><div class=\"pix-feature-content text-text-gray text-18     animate-in\" style=\"padding-top:10px;\" data-anim-type=\"fade-in-up\" data-anim-delay=\"200\"><\/div><\/div><a  href=\"..\/individual-health\/healthy-living-service\/\" class=\"btn mb-2      text-primary btn-underline-primary d-flex w-100  justify-content-center  align-items-center pix-hover-item  no-padding     animate-in btn-md\"   data-anim-type=\"fade-in-up\" data-anim-delay=\"400\" ><span class=\"font-weight-bold  text-primary\" >Go to Product<\/span><svg class=\"pixfort-icon font-weight-bold  pix-hover-right  ml-2\" width=\"24\" height=\"24\"  data-name=\"Line\/pixfort-icon-arrow-right-2\" viewBox=\"2 2 20 20\"><polyline fill=\"none\" stroke=\"var(--pf-icon-color)\" stroke-linecap=\"round\" stroke-linejoin=\"round\" stroke-width=\"var(--pf-icon-stroke-width)\" points=\"9.5 17 14.5 12 9.5 7\"\/><\/svg><\/a><\/div><\/div>[\/vc_column][vc_column width=&#8221;1\/2&#8243;]<div class=\"pix-content-box card      vc_custom_1604714639226    rounded-10  bg- w-100  \"   ><div class=\"\" style=\"z-index:30;position:relative;\"><div id=\"pix-feature-1683110782227-57aee898-ea33\" class=\"pix-feature-el text-center  vc_custom_1683117329727\"><div class=\"pix-feature-icon d-inline-block mw-100 text-primary animate-in\" data-anim-type=\"fade-in-up\" data-anim-delay=\"200\" style=\"aspect-ratio:1\/1 !important;position:relative;text-align:center;font-size:50px;line-height:50px;\"><svg class=\"pixfort-icon \" width=\"24\" height=\"24\"  data-name=\"Line\/pixfort-icon-user-circle-love-1\" viewBox=\"2 2 20 20\"><path fill=\"none\" stroke=\"var(--pf-icon-color)\" stroke-linecap=\"round\" stroke-linejoin=\"round\" stroke-width=\"var(--pf-icon-stroke-width)\" d=\"M21,12 C21,7.02943725 16.9705627,3 12,3 C7.02943725,3 3,7.02943725 3,12 C3,16.9705627 7.02943725,21 12,21 M5.63686238,18.367264 C6.9441258,16.98243 8.73746056,16.2051851 11.0168667,16.0355294 M12,13 C13.6568542,13 15,11.6568542 15,10 C15,8.34314575 13.6568542,7 12,7 C10.3431458,7 9,8.34314575 9,10 C9,11.6568542 10.3431458,13 12,13 Z M17.4977066,21 C15.9254438,19.5867514 14.9407768,18.6018685 14.5437055,18.0453513 C13.9480986,17.2105755 13.7186626,16.1395678 14.497005,15.4600337 C15.2753473,14.7804996 16.6627591,14.7213715 17.4977066,16.1986959 C18.3425685,14.7213715 19.7612866,14.7872971 20.5147836,15.4600337 C21.2682805,16.1327704 21.0598923,17.1951737 20.4638091,18.0453513 C20.0664203,18.6121364 19.0777195,19.5970193 17.4977066,21 Z\"\/><\/svg><\/div><h6 class=\"pix-feature-title  font-weight-bold   text-heading-default animate-in\" style=\"padding-top:30px;\" data-anim-type=\"fade-in-up\" data-anim-delay=\"300\">Healthy Living Service<\/h6><div class=\"pix-feature-content text-text-gray text-18     animate-in\" style=\"padding-top:10px;\" data-anim-type=\"fade-in-up\" data-anim-delay=\"400\"><\/div><\/div><a  href=\"..\/individual-health\/healthy-living-service\/\" class=\"btn mb-2      text-primary btn-underline-primary d-flex w-100  justify-content-center  align-items-center pix-hover-item  no-padding     animate-in btn-md\"   data-anim-type=\"fade-in-up\" data-anim-delay=\"400\" ><span class=\"font-weight-bold  text-primary\" >Go to Product<\/span><svg class=\"pixfort-icon font-weight-bold  pix-hover-right  ml-2\" width=\"24\" height=\"24\"  data-name=\"Line\/pixfort-icon-arrow-right-2\" viewBox=\"2 2 20 20\"><polyline fill=\"none\" stroke=\"var(--pf-icon-color)\" stroke-linecap=\"round\" stroke-linejoin=\"round\" stroke-width=\"var(--pf-icon-stroke-width)\" points=\"9.5 17 14.5 12 9.5 7\"\/><\/svg><\/a><\/div><\/div>[\/vc_column][\/vc_row][\/vc_section]<\/div>","protected":false},"excerpt":{"rendered":"[vc_section full_width=&#8221;stretch_row&#8221; pix_over_visibility=&#8221;&#8221; pix_overlay_color=&#8221;custom&#8221; pix_overlay_custom_color=&#8221;#fff7ef&#8221; responsive_css=&#8221;{&#8220;pix_res_sm_pt&#8220;:&#8220;20&#8220;,&#8220;pix_res_md_pt&#8220;:&#8220;40&#8220;}&#8221; css=&#8221;.vc_custom_1683111756267{padding-top: 130px !important;padding-bottom: 130px !important;background-position: 0 0 !important;background-repeat: repeat !important;}&#8221; b_custom_height=&#8221;400px&#8221; pix_overlay_opacity=&#8221;0.95&#8243;][vc_row full_width=&#8221;stretch_row&#8221; pix_particles_check=&#8221;&#8221; css=&#8221;.vc_custom_1696435031656{padding-right: 20px !important;padding-bottom: 20px !important;}&#8221;][vc_column width=&#8221;1\/3&#8243;][\/vc_column][vc_column width=&#8221;1\/3&#8243;][\/vc_column][vc_column width=&#8221;1\/3&#8243;][\/vc_column][\/vc_row][vc_row full_width=&#8221;stretch_row&#8221; pix_particles_check=&#8221;&#8221; css=&#8221;.vc_custom_1683111608642{padding-bottom: 120px !important;}&#8221;][vc_column][\/vc_column][\/vc_row][vc_row full_width=&#8221;stretch_row&#8221; pix_particles_check=&#8221;&#8221;][vc_column width=&#8221;1\/2&#8243;][\/vc_column][vc_column width=&#8221;1\/2&#8243;][\/vc_column][\/vc_row][vc_row full_width=&#8221;stretch_row&#8221; pix_particles_check=&#8221;&#8221;][vc_column width=&#8221;1\/2&#8243;][\/vc_column][vc_column&#8230;","protected":false},"author":6,"featured_media":0,"parent":35891,"menu_order":0,"comment_status":"closed","ping_status":"closed","template":"","meta":{"footnotes":""},"class_list":["post-36045","page","type-page","status-publish","hentry"],"yoast_head":"<!-- This site is optimized with the Yoast SEO Premium plugin v24.0 (Yoast SEO v27.4) - https:\/\/yoast.com\/product\/yoast-seo-premium-wordpress\/ -->\n<title>Individual Health Products - One Dose<\/title>\n<meta name=\"description\" content=\"Individual Health Products - Diabetes Monitoring Package - Blood Pressure Monitoring Package - Weight Monitoring Package - Healthy Living Service\" \/>\n<meta name=\"robots\" content=\"index, follow, max-snippet:-1, max-image-preview:large, max-video-preview:-1\" \/>\n<link rel=\"canonical\" href=\"https:\/\/www.onedose.io\/en\/products\/individual-health\/\" \/>\n<meta property=\"og:locale\" content=\"en_US\" \/>\n<meta property=\"og:type\" content=\"article\" \/>\n<meta property=\"og:title\" content=\"Individual Health\" \/>\n<meta property=\"og:description\" content=\"Individual Health Products - Diabetes Monitoring Package - Blood Pressure Monitoring Package - Weight Monitoring Package - Healthy Living Service\" \/>\n<meta property=\"og:url\" content=\"https:\/\/www.onedose.io\/en\/products\/individual-health\/\" \/>\n<meta property=\"og:site_name\" content=\"One Dose\" \/>\n<meta property=\"article:publisher\" content=\"https:\/\/www.facebook.com\/One-Dose-Health-118078991228812\" \/>\n<meta property=\"article:modified_time\" content=\"2023-10-30T07:58:39+00:00\" \/>\n<meta property=\"og:image\" content=\"https:\/\/www.onedose.io\/wp-content\/uploads\/2023\/04\/onedose_black.png\" \/>\n\t<meta property=\"og:image:width\" content=\"314\" \/>\n\t<meta property=\"og:image:height\" content=\"193\" \/>\n\t<meta property=\"og:image:type\" content=\"image\/png\" \/>\n<meta name=\"twitter:card\" content=\"summary_large_image\" \/>\n<meta name=\"twitter:site\" content=\"@onedose_health\" \/>\n<meta name=\"twitter:label1\" content=\"Est. reading time\" \/>\n\t<meta name=\"twitter:data1\" content=\"3 minutes\" \/>\n<script type=\"application\/ld+json\" class=\"yoast-schema-graph\">{\"@context\":\"https:\\\/\\\/schema.org\",\"@graph\":[{\"@type\":\"WebPage\",\"@id\":\"https:\\\/\\\/www.onedose.io\\\/en\\\/products\\\/individual-health\\\/\",\"url\":\"https:\\\/\\\/www.onedose.io\\\/en\\\/products\\\/individual-health\\\/\",\"name\":\"Individual Health Products - One Dose\",\"isPartOf\":{\"@id\":\"https:\\\/\\\/www.onedose.io\\\/en\\\/#website\"},\"datePublished\":\"2023-05-03T12:32:14+00:00\",\"dateModified\":\"2023-10-30T07:58:39+00:00\",\"description\":\"Individual Health Products - Diabetes Monitoring Package - Blood Pressure Monitoring Package - Weight Monitoring Package - Healthy Living Service\",\"breadcrumb\":{\"@id\":\"https:\\\/\\\/www.onedose.io\\\/en\\\/products\\\/individual-health\\\/#breadcrumb\"},\"inLanguage\":\"en-US\",\"potentialAction\":[{\"@type\":\"ReadAction\",\"target\":[\"https:\\\/\\\/www.onedose.io\\\/en\\\/products\\\/individual-health\\\/\"]}]},{\"@type\":\"BreadcrumbList\",\"@id\":\"https:\\\/\\\/www.onedose.io\\\/en\\\/products\\\/individual-health\\\/#breadcrumb\",\"itemListElement\":[{\"@type\":\"ListItem\",\"position\":1,\"name\":\"Anasayfa\",\"item\":\"https:\\\/\\\/www.onedose.io\\\/en\\\/\"},{\"@type\":\"ListItem\",\"position\":2,\"name\":\"Products\",\"item\":\"https:\\\/\\\/www.onedose.io\\\/en\\\/products\\\/\"},{\"@type\":\"ListItem\",\"position\":3,\"name\":\"Individual Health\"}]},{\"@type\":\"WebSite\",\"@id\":\"https:\\\/\\\/www.onedose.io\\\/en\\\/#website\",\"url\":\"https:\\\/\\\/www.onedose.io\\\/en\\\/\",\"name\":\"One Dose Health\",\"description\":\"Sa\u011fl\u0131kta Yeni Bir D\u00fcnya\",\"publisher\":{\"@id\":\"https:\\\/\\\/www.onedose.io\\\/en\\\/#organization\"},\"potentialAction\":[{\"@type\":\"SearchAction\",\"target\":{\"@type\":\"EntryPoint\",\"urlTemplate\":\"https:\\\/\\\/www.onedose.io\\\/en\\\/?s={search_term_string}\"},\"query-input\":{\"@type\":\"PropertyValueSpecification\",\"valueRequired\":true,\"valueName\":\"search_term_string\"}}],\"inLanguage\":\"en-US\"},{\"@type\":\"Organization\",\"@id\":\"https:\\\/\\\/www.onedose.io\\\/en\\\/#organization\",\"name\":\"One Dose\",\"url\":\"https:\\\/\\\/www.onedose.io\\\/en\\\/\",\"logo\":{\"@type\":\"ImageObject\",\"inLanguage\":\"en-US\",\"@id\":\"https:\\\/\\\/www.onedose.io\\\/en\\\/#\\\/schema\\\/logo\\\/image\\\/\",\"url\":\"https:\\\/\\\/www.onedose.io\\\/wp-content\\\/uploads\\\/2023\\\/04\\\/onedose_black.png\",\"contentUrl\":\"https:\\\/\\\/www.onedose.io\\\/wp-content\\\/uploads\\\/2023\\\/04\\\/onedose_black.png\",\"width\":314,\"height\":193,\"caption\":\"One Dose\"},\"image\":{\"@id\":\"https:\\\/\\\/www.onedose.io\\\/en\\\/#\\\/schema\\\/logo\\\/image\\\/\"},\"sameAs\":[\"https:\\\/\\\/www.facebook.com\\\/One-Dose-Health-118078991228812\",\"https:\\\/\\\/x.com\\\/onedose_health\",\"https:\\\/\\\/www.instagram.com\\\/onedosehealth\\\/\",\"https:\\\/\\\/www.youtube.com\\\/@onedosehealth\"]}]}<\/script>\n<!-- \/ Yoast SEO Premium plugin. -->","yoast_head_json":{"title":"Individual Health Products - One Dose","description":"Individual Health Products - Diabetes Monitoring Package - Blood Pressure Monitoring Package - Weight Monitoring Package - Healthy Living Service","robots":{"index":"index","follow":"follow","max-snippet":"max-snippet:-1","max-image-preview":"max-image-preview:large","max-video-preview":"max-video-preview:-1"},"canonical":"https:\/\/www.onedose.io\/en\/products\/individual-health\/","og_locale":"en_US","og_type":"article","og_title":"Individual Health","og_description":"Individual Health Products - Diabetes Monitoring Package - Blood Pressure Monitoring Package - Weight Monitoring Package - Healthy Living Service","og_url":"https:\/\/www.onedose.io\/en\/products\/individual-health\/","og_site_name":"One Dose","article_publisher":"https:\/\/www.facebook.com\/One-Dose-Health-118078991228812","article_modified_time":"2023-10-30T07:58:39+00:00","og_image":[{"width":314,"height":193,"url":"https:\/\/www.onedose.io\/wp-content\/uploads\/2023\/04\/onedose_black.png","type":"image\/png"}],"twitter_card":"summary_large_image","twitter_site":"@onedose_health","twitter_misc":{"Est. reading time":"3 minutes"},"schema":{"@context":"https:\/\/schema.org","@graph":[{"@type":"WebPage","@id":"https:\/\/www.onedose.io\/en\/products\/individual-health\/","url":"https:\/\/www.onedose.io\/en\/products\/individual-health\/","name":"Individual Health Products - One Dose","isPartOf":{"@id":"https:\/\/www.onedose.io\/en\/#website"},"datePublished":"2023-05-03T12:32:14+00:00","dateModified":"2023-10-30T07:58:39+00:00","description":"Individual Health Products - Diabetes Monitoring Package - Blood Pressure Monitoring Package - Weight Monitoring Package - Healthy Living Service","breadcrumb":{"@id":"https:\/\/www.onedose.io\/en\/products\/individual-health\/#breadcrumb"},"inLanguage":"en-US","potentialAction":[{"@type":"ReadAction","target":["https:\/\/www.onedose.io\/en\/products\/individual-health\/"]}]},{"@type":"BreadcrumbList","@id":"https:\/\/www.onedose.io\/en\/products\/individual-health\/#breadcrumb","itemListElement":[{"@type":"ListItem","position":1,"name":"Anasayfa","item":"https:\/\/www.onedose.io\/en\/"},{"@type":"ListItem","position":2,"name":"Products","item":"https:\/\/www.onedose.io\/en\/products\/"},{"@type":"ListItem","position":3,"name":"Individual Health"}]},{"@type":"WebSite","@id":"https:\/\/www.onedose.io\/en\/#website","url":"https:\/\/www.onedose.io\/en\/","name":"One Dose Health","description":"Sa\u011fl\u0131kta Yeni Bir D\u00fcnya","publisher":{"@id":"https:\/\/www.onedose.io\/en\/#organization"},"potentialAction":[{"@type":"SearchAction","target":{"@type":"EntryPoint","urlTemplate":"https:\/\/www.onedose.io\/en\/?s={search_term_string}"},"query-input":{"@type":"PropertyValueSpecification","valueRequired":true,"valueName":"search_term_string"}}],"inLanguage":"en-US"},{"@type":"Organization","@id":"https:\/\/www.onedose.io\/en\/#organization","name":"One Dose","url":"https:\/\/www.onedose.io\/en\/","logo":{"@type":"ImageObject","inLanguage":"en-US","@id":"https:\/\/www.onedose.io\/en\/#\/schema\/logo\/image\/","url":"https:\/\/www.onedose.io\/wp-content\/uploads\/2023\/04\/onedose_black.png","contentUrl":"https:\/\/www.onedose.io\/wp-content\/uploads\/2023\/04\/onedose_black.png","width":314,"height":193,"caption":"One Dose"},"image":{"@id":"https:\/\/www.onedose.io\/en\/#\/schema\/logo\/image\/"},"sameAs":["https:\/\/www.facebook.com\/One-Dose-Health-118078991228812","https:\/\/x.com\/onedose_health","https:\/\/www.instagram.com\/onedosehealth\/","https:\/\/www.youtube.com\/@onedosehealth"]}]}},"_links":{"self":[{"href":"https:\/\/www.onedose.io\/en\/wp-json\/wp\/v2\/pages\/36045","targetHints":{"allow":["GET"]}}],"collection":[{"href":"https:\/\/www.onedose.io\/en\/wp-json\/wp\/v2\/pages"}],"about":[{"href":"https:\/\/www.onedose.io\/en\/wp-json\/wp\/v2\/types\/page"}],"author":[{"embeddable":true,"href":"https:\/\/www.onedose.io\/en\/wp-json\/wp\/v2\/users\/6"}],"replies":[{"embeddable":true,"href":"https:\/\/www.onedose.io\/en\/wp-json\/wp\/v2\/comments?post=36045"}],"version-history":[{"count":19,"href":"https:\/\/www.onedose.io\/en\/wp-json\/wp\/v2\/pages\/36045\/revisions"}],"predecessor-version":[{"id":38427,"href":"https:\/\/www.onedose.io\/en\/wp-json\/wp\/v2\/pages\/36045\/revisions\/38427"}],"up":[{"embeddable":true,"href":"https:\/\/www.onedose.io\/en\/wp-json\/wp\/v2\/pages\/35891"}],"wp:attachment":[{"href":"https:\/\/www.onedose.io\/en\/wp-json\/wp\/v2\/media?parent=36045"}],"curies":[{"name":"wp","href":"https:\/\/api.w.org\/{rel}","templated":true}]}}