{"id":39506,"date":"2024-04-01T18:12:54","date_gmt":"2024-04-01T15:12:54","guid":{"rendered":"https:\/\/www.onedose.io\/job-posting-general-application\/"},"modified":"2025-04-15T11:00:49","modified_gmt":"2025-04-15T08:00:49","slug":"job-posting-general-application","status":"publish","type":"page","link":"https:\/\/www.onedose.io\/en\/job-posting-general-application\/","title":{"rendered":"Job Posting General Application"},"content":{"rendered":"<div class=\"wpb-content-wrapper\">[vc_section full_width=&#8221;stretch_row&#8221; pix_over_visibility=&#8221;&#8221; b_custom_height=&#8221;500px&#8221; css=&#8221;.vc_custom_1589068464029{background-color: #ffffff !important;}&#8221;][vc_row full_width=&#8221;stretch_row&#8221; pix_particles_check=&#8221;&#8221; css=&#8221;.vc_custom_1696254984307{padding-bottom: 80px !important;}&#8221;][vc_column]<div id=\"pix-el-1696254398320-5093500f-1da9\" class=\"\"><div class=\"row pix-waiting pix_tabs_container\"><div class=\"col-12 col-md-4 d-inline-block\"><div class=\"sticky-top\" style=\"top:110px;\"><div class=\"text-left\"><span class=\"pix-badge-element h6 d-inline-flex mr-1 \"  ><span class=\"badge font-weight-bold secondary-font  bg-primary-light   \" style=\" \"><span class=\"text-primary\" style=\"\">One Dose<\/span><\/span><\/span><\/div><div  class=\"pix-heading-el text-left \"><h5 class=\"text-heading-default font-weight-bold h5 animate-in heading-text el-title_custom_color mb-12\" style=\"padding-top:20px;\" data-anim-type=\"fade-in-up\" data-anim-delay=\"0\">General Application<\/h5><div class=\"w-100\"><div class=\"mb-0 text-body-default  animate-in\" data-anim-type=\"fade-in-up\" data-anim-delay=\"0\" style=\"\">Remote Patient Monitoring and Digital Health Center<\/div><\/div><\/div><div class=\"nav pix_tabs_btns text-left flex-column nav-pills pix-pills-solid animate-in\" data-anim-type=\"fade-in-up\" data-anim-delay=\"0\" role=\"tablist\" id=\"v-pills-tab\"  aria-orientation=\"vertical\" style=\"padding-top:20px;\"><div class=\"nav-item mx-0\"><a class=\"nav-link pix-tabs-btn text-24 py-2 mb-2 active text-left font-weight-bold  secondary-font\" data-id=\"1589066934065-3f2624ec-f4cc7c0c-b779\" id=\"pix-tab-btn-1589066934065-3f2624ec-f4cc7c0c-b779\" role=\"tab\" data-toggle=\"pill\" href=\"#pix-tab-1589066934065-3f2624ec-f4cc7c0c-b779\"  aria-controls=\"pix-tab-1589066934065-3f2624ec-f4cc7c0c-b779\" aria-selected=\"true\"><span class=\"d-inline-flex align-items-center\"><svg class=\"pixfort-icon mr-2\" width=\"24\" height=\"24\"  data-name=\"Line\/pixfort-icon-briefcase-4\" viewBox=\"2 2 20 20\"><path fill=\"none\" stroke=\"var(--pf-icon-color)\" stroke-linecap=\"round\" stroke-linejoin=\"round\" stroke-width=\"var(--pf-icon-stroke-width)\" d=\"M5,8 L19,8 C20.1045695,8 21,8.8954305 21,10 L21,18 C21,19.1045695 20.1045695,20 19,20 L5,20 C3.8954305,20 3,19.1045695 3,18 L3,10 C3,8.8954305 3.8954305,8 5,8 Z M8,7.5 L8,6 C8,4.8954305 8.8954305,4 10,4 L14,4 C15.1045695,4 16,4.8954305 16,6 L16,7.5 L16,7.5 M8,8 L8,20 M16,8 L16,20\"\/><\/svg>Application Details<\/span><\/a><\/div><div class=\"nav-item mx-0\"><a class=\"nav-link pix-tabs-btn text-24 py-2 mb-2  text-left font-weight-bold  secondary-font\" data-id=\"1589068157400-7742fcc2-f0747c0c-b779\" id=\"pix-tab-btn-1589068157400-7742fcc2-f0747c0c-b779\" role=\"tab\" data-toggle=\"pill\" href=\"#pix-tab-1589068157400-7742fcc2-f0747c0c-b779\"  aria-controls=\"pix-tab-1589068157400-7742fcc2-f0747c0c-b779\" aria-selected=\"true\"><span class=\"d-inline-flex align-items-center\"><svg class=\"pixfort-icon mr-2\" width=\"24\" height=\"24\"  data-name=\"Line\/pixfort-icon-file-chart-1\" viewBox=\"2 2 20 20\"><path fill=\"none\" stroke=\"var(--pf-icon-color)\" stroke-linecap=\"round\" stroke-linejoin=\"round\" stroke-width=\"var(--pf-icon-stroke-width)\" d=\"M5,9 L5,5 C5,3.8954305 5.8954305,3 7,3 L12.8727869,3 C14.9175556,4.48800639 17.4920457,6.76866015 19,8.65347855 L19,19 C19,20.1045695 18.1045695,21 17,21 L14,21 M12.6586405,3 L12.5665066,6.3715119 C12.5226946,7.9747483 13.7868579,9.30994479 15.3900943,9.35375673 C15.5249374,9.35744162 15.6598734,9.35172666 15.793922,9.33665338 L19,8.97614154 L19,8.97614154 M8,21 C10.7614237,21 13,18.7614237 13,16 C13,13.2385763 10.7614237,11 8,11 C5.23857625,11 3,13.2385763 3,16 C3,18.7614237 5.23857625,21 8,21 Z M12.5238997,13.963674 L8,16 L8,11 M8,16 L10.4700006,20.3153868\"\/><\/svg>Application Form<\/span><\/a><\/div><\/div><\/div><\/div><div class=\"col-12 col-md-8 d-inline-block\"><div class=\"pix_tabs_content animate-in\" data-anim-type=\"fade-in-up\" data-anim-delay=\"0\"><div class=\"tab-content \"><div class=\"tab-pane active  show   vc_custom_1696254647758\" role=\"tabpanel\" id=\"pix-tab-1589066934065-3f2624ec-f4cc7c0c-b779\" data-bold=\"font-weight-bold\" data-italic=\"\" data-secondary=\"secondary-font\" data-id=\"1589066934065-3f2624ec-f4cc7c0c-b779\" data-icon=\"pixicon-briefcase-1\" data-title=\"Application Details\" aria-labelledby=\"pix-tab-1589066934065-3f2624ec-f4cc7c0c-b779\">[vc_column_text css=&#8221;.vc_custom_1711984414406{padding-top: 10px !important;padding-bottom: 20px !important;}&#8221;]As we set out with the goal of a world where everyone has equal access to health services, we are looking for teammates who believe in the principle of primary health care, health protection and disease prevention, who will share our excitement and add value to our work with the same passion.[\/vc_column_text]<div  class=\"pix-heading-el text-left  vc_custom_1696254851709\"><h6 class=\"text-heading-default font-weight-bold h6 heading-text el-title_custom_color mb-12\" style=\"\" data-anim-type=\"\" data-anim-delay=\"0\">For Application:<\/h6><\/div>[vc_column_text css=&#8221;.vc_custom_1696254969478{padding-top: 10px !important;padding-bottom: 20px !important;}&#8221;]If you have the above qualifications and would like to contribute to our vision of transforming healthcare, don&#8217;t miss this exciting opportunity. If you can see yourself in this important role, please send us your CV and a cover letter.\r\n\r\nIf you want to build the healthcare of the future in a center that is an official Remote Healthcare Provider, be part of this major change and positively impact the lives of our patients, apply now.\r\n\r\n&nbsp;\r\n\r\n<strong>Let&#8217;s shape the future together!<\/strong>[\/vc_column_text]<div class=\"d-block w-100 text-center\"><a  href=\"#pix-tab-1589068157400-7742fcc2-f0747c0c-b779\" class=\"btn mb-2     shadow-inverse-lg shadow-inverse-hover-sm scale-inverse-sm text-white btn-primary btn-flat d-inline-flex align-items-center    secondary-font  animate-in pix-btn-div btn-md\"   data-anim-type=\"fade-in-up\" data-anim-delay=\"400\" ><svg class=\"pixfort-icon font-weight-bold   mr-2\" width=\"24\" height=\"24\"  data-name=\"Line\/pixfort-icon-arrow-right-circle-1\" viewBox=\"2 2 20 20\"><path fill=\"none\" stroke=\"var(--pf-icon-color)\" stroke-linecap=\"round\" stroke-linejoin=\"round\" stroke-width=\"var(--pf-icon-stroke-width)\" d=\"M12,21 C16.9705627,21 21,16.9705627 21,12 C21,7.02943725 16.9705627,3 12,3 C7.02943725,3 3,7.02943725 3,12 C3,16.9705627 7.02943725,21 12,21 Z M7,12 L16,12 M12,17 L17,12 L12,7\"\/><\/svg><span class=\"font-weight-bold \" >Apply<\/span><\/a><\/div><\/div><div class=\"tab-pane   show   vc_custom_1696254658930\" role=\"tabpanel\" id=\"pix-tab-1589068157400-7742fcc2-f0747c0c-b779\" data-bold=\"font-weight-bold\" data-italic=\"\" data-secondary=\"secondary-font\" data-id=\"1589068157400-7742fcc2-f0747c0c-b779\" data-icon=\"pixicon-file-pie-chart\" data-title=\"Application Form\" aria-labelledby=\"pix-tab-1589068157400-7742fcc2-f0747c0c-b779\"><div  class=\"pix-heading-el text-left  vc_custom_1696255187553\"><h6 class=\"text-heading-default font-weight-bold h6 heading-text el-title_custom_color mb-12\" style=\"\" data-anim-type=\"\" data-anim-delay=\"0\">Application Form:<\/h6><\/div><div class=\"pix-el-text w-100   vc_custom_1696255172954\" ><p class=\"  text-body-default  \" >Please enter all information completely<\/p><\/div>\n<div class=\"wpcf7 no-js\" id=\"wpcf7-f39528-o1\" lang=\"en-US\" dir=\"ltr\" data-wpcf7-id=\"39528\">\n<div class=\"screen-reader-response\"><p role=\"status\" aria-live=\"polite\" aria-atomic=\"true\"><\/p> <ul><\/ul><\/div>\n<form action=\"\/en\/wp-json\/wp\/v2\/pages\/39506#wpcf7-f39528-o1\" method=\"post\" class=\"wpcf7-form init\" aria-label=\"Contact form\" enctype=\"multipart\/form-data\" novalidate=\"novalidate\" data-status=\"init\">\n<fieldset class=\"hidden-fields-container\"><input type=\"hidden\" name=\"_wpcf7\" value=\"39528\" \/><input type=\"hidden\" name=\"_wpcf7_version\" value=\"6.1.5\" \/><input type=\"hidden\" name=\"_wpcf7_locale\" value=\"en_US\" \/><input type=\"hidden\" name=\"_wpcf7_unit_tag\" value=\"wpcf7-f39528-o1\" \/><input type=\"hidden\" name=\"_wpcf7_container_post\" value=\"0\" \/><input type=\"hidden\" name=\"_wpcf7_posted_data_hash\" value=\"\" \/><input type=\"hidden\" name=\"_wpcf7_recaptcha_response\" value=\"\" \/>\n<\/fieldset>\n<div class=\"pix-contact7-form\"><div class=\"uacf7-form-wrapper-container uacf7-form-39528  \"><div class=\"row\">\n\n  <div class=\"col-md-6\">\n    <label class=\"w-100\"> Your Name Surname *\n      <span class=\"wpcf7-form-control-wrap\" data-name=\"your-name\"><input size=\"40\" maxlength=\"400\" class=\"wpcf7-form-control wpcf7-text wpcf7-validates-as-required pix-my-5 form-control bg-gray-1 shadow-0\" aria-required=\"true\" aria-invalid=\"false\" placeholder=\"\" value=\"\" type=\"text\" name=\"your-name\" \/><\/span>\n    <\/label>\n  <\/div>\n\n  <div class=\"col-md-6\">\n    <label class=\"w-100\"> Your E-mail Address *\n      <span class=\"wpcf7-form-control-wrap\" data-name=\"your-email\"><input size=\"40\" maxlength=\"400\" class=\"wpcf7-form-control wpcf7-email wpcf7-validates-as-required wpcf7-text wpcf7-validates-as-email pix-my-5 form-control bg-gray-1 shadow-0\" aria-required=\"true\" aria-invalid=\"false\" placeholder=\"\" value=\"\" type=\"email\" name=\"your-email\" \/><\/span>\n    <\/label>\n  <\/div>\n\n  <div class=\"col-md-6\">\n    <label class=\"w-100\"> Your Phone Number * \n      <span class=\"wpcf7-form-control-wrap\" data-name=\"tel-996\"><input size=\"40\" maxlength=\"400\" class=\"wpcf7-form-control wpcf7-tel wpcf7-validates-as-required wpcf7-text wpcf7-validates-as-tel pix-mt-5 form-control bg-gray-1 shadow-0\" aria-required=\"true\" aria-invalid=\"false\" placeholder=\"\" value=\"\" type=\"tel\" name=\"tel-996\" \/><\/span>\n    <\/label>\n  <\/div>\n\n  <div class=\"col-md-6\">\n    <label class=\"w-100\"> Your CV File *  \n      <span class=\"wpcf7-form-control-wrap\" data-name=\"cv\"><input size=\"40\" class=\"wpcf7-form-control wpcf7-file wpcf7-validates-as-required pix-mt-5 form-control bg-gray-1 shadow-0\" accept=\".doc,.pdf,.docx\" aria-required=\"true\" aria-invalid=\"false\" type=\"file\" name=\"cv\" \/><\/span>\n    <\/label>\n  <\/div>\n\n<\/div>\n\n<label class=\"w-100\">Your message \n  <span class=\"wpcf7-form-control-wrap\" data-name=\"your-message\"><textarea cols=\"40\" rows=\"4\" maxlength=\"2000\" class=\"wpcf7-form-control wpcf7-textarea pix-my-5 form-control bg-gray-1 shadow-0\" aria-invalid=\"false\" placeholder=\"\" name=\"your-message\"><\/textarea><\/span>\n<\/label>\n\n<!-- Checkbox with link -->\n<label class=\"w-100 d-flex align-items-start pix-my-5\">\n  <input type=\"checkbox\" name=\"checkbox-cv-en\" id=\"checkbox-cv-en\" required style=\"margin-top: 8px;\" \/>\n  <span style=\"margin-left: 8px;\">\n    I have read, understood and approved the \n    <a href=\"https:\/\/www.onedose.io\/en\/general-disclosure-statement-on-the-processing-of-personal-data-for-job-applicants\/\" \n       target=\"_blank\" \n       rel=\"noopener noreferrer\" \n       style=\"color: #7e3ff2; text-decoration: underline;\">\n      Clarification Statement on the Processing of Personal Data for Employee Candidates\n    <\/a>.\n  <\/span>\n<\/label>\n\n<div class=\"row\">\n  <input class=\"wpcf7-form-control wpcf7-submit has-spinner btn btn-gradient-primary text-white w-100 pix-mt-10 font-weight-bold btn-lg secondary-font\" id=\"submit-cv-button-en\" type=\"submit\" value=\"Submit\" \/>\n<\/div>\n\n<script>\n  document.addEventListener(\"DOMContentLoaded\", function () {\n    const checkbox = document.getElementById(\"checkbox-cv-en\");\n    const submitBtn = document.getElementById(\"submit-cv-button-en\");\n\n    const toggleSubmit = () => {\n      submitBtn.disabled = !checkbox.checked;\n    };\n\n    toggleSubmit(); \/\/ check on page load\n    checkbox.addEventListener(\"change\", toggleSubmit);\n  });\n<\/script><\/div><\/div><div class=\"wpcf7-response-output\" aria-hidden=\"true\"><\/div>\n<\/form>\n<\/div>\n<\/div><\/div><\/div><\/div><\/div><\/div>[\/vc_column][\/vc_row][\/vc_section]<\/div>","protected":false},"excerpt":{"rendered":"[vc_section full_width=&#8221;stretch_row&#8221; pix_over_visibility=&#8221;&#8221; b_custom_height=&#8221;500px&#8221; css=&#8221;.vc_custom_1589068464029{background-color: #ffffff !important;}&#8221;][vc_row full_width=&#8221;stretch_row&#8221; pix_particles_check=&#8221;&#8221; css=&#8221;.vc_custom_1696254984307{padding-bottom: 80px !important;}&#8221;][vc_column][\/vc_column][\/vc_row][\/vc_section]","protected":false},"author":6,"featured_media":0,"parent":0,"menu_order":0,"comment_status":"closed","ping_status":"closed","template":"","meta":{"footnotes":""},"class_list":["post-39506","page","type-page","status-publish","hentry"],"yoast_head":"<!-- This site is optimized with the Yoast SEO Premium plugin v24.0 (Yoast SEO v27.3) - https:\/\/yoast.com\/product\/yoast-seo-premium-wordpress\/ -->\n<title>Job Posting General Application - One Dose<\/title>\n<meta name=\"robots\" content=\"index, follow, max-snippet:-1, max-image-preview:large, max-video-preview:-1\" \/>\n<link rel=\"canonical\" href=\"https:\/\/www.onedose.io\/en\/job-posting-general-application\/\" \/>\n<meta property=\"og:locale\" content=\"en_US\" \/>\n<meta property=\"og:type\" content=\"article\" \/>\n<meta property=\"og:title\" content=\"Job Posting General Application\" \/>\n<meta property=\"og:description\" content=\"[vc_section full_width=&#8221;stretch_row&#8221; pix_over_visibility=&#8221;&#8221; b_custom_height=&#8221;500px&#8221; css=&#8221;.vc_custom_1589068464029{background-color: #ffffff !important;}&#8221;][vc_row full_width=&#8221;stretch_row&#8221; pix_particles_check=&#8221;&#8221; css=&#8221;.vc_custom_1696254984307{padding-bottom: 80px !important;}&#8221;][vc_column][\/vc_column][\/vc_row][\/vc_section]\" \/>\n<meta property=\"og:url\" content=\"https:\/\/www.onedose.io\/en\/job-posting-general-application\/\" \/>\n<meta property=\"og:site_name\" content=\"One Dose\" \/>\n<meta property=\"article:publisher\" content=\"https:\/\/www.facebook.com\/One-Dose-Health-118078991228812\" \/>\n<meta property=\"article:modified_time\" content=\"2025-04-15T08:00:49+00:00\" \/>\n<meta property=\"og:image\" content=\"https:\/\/www.onedose.io\/wp-content\/uploads\/2023\/04\/onedose_black.png\" \/>\n\t<meta property=\"og:image:width\" content=\"314\" \/>\n\t<meta property=\"og:image:height\" content=\"193\" \/>\n\t<meta property=\"og:image:type\" content=\"image\/png\" \/>\n<meta name=\"twitter:card\" content=\"summary_large_image\" \/>\n<meta name=\"twitter:site\" content=\"@onedose_health\" \/>\n<meta name=\"twitter:label1\" content=\"Est. reading time\" \/>\n\t<meta name=\"twitter:data1\" content=\"2 minutes\" \/>\n<script type=\"application\/ld+json\" class=\"yoast-schema-graph\">{\"@context\":\"https:\\\/\\\/schema.org\",\"@graph\":[{\"@type\":\"WebPage\",\"@id\":\"https:\\\/\\\/www.onedose.io\\\/en\\\/job-posting-general-application\\\/\",\"url\":\"https:\\\/\\\/www.onedose.io\\\/en\\\/job-posting-general-application\\\/\",\"name\":\"Job Posting General Application - One Dose\",\"isPartOf\":{\"@id\":\"https:\\\/\\\/www.onedose.io\\\/en\\\/#website\"},\"datePublished\":\"2024-04-01T15:12:54+00:00\",\"dateModified\":\"2025-04-15T08:00:49+00:00\",\"breadcrumb\":{\"@id\":\"https:\\\/\\\/www.onedose.io\\\/en\\\/job-posting-general-application\\\/#breadcrumb\"},\"inLanguage\":\"en-US\",\"potentialAction\":[{\"@type\":\"ReadAction\",\"target\":[\"https:\\\/\\\/www.onedose.io\\\/en\\\/job-posting-general-application\\\/\"]}]},{\"@type\":\"BreadcrumbList\",\"@id\":\"https:\\\/\\\/www.onedose.io\\\/en\\\/job-posting-general-application\\\/#breadcrumb\",\"itemListElement\":[{\"@type\":\"ListItem\",\"position\":1,\"name\":\"Anasayfa\",\"item\":\"https:\\\/\\\/www.onedose.io\\\/en\\\/\"},{\"@type\":\"ListItem\",\"position\":2,\"name\":\"Job Posting General Application\"}]},{\"@type\":\"WebSite\",\"@id\":\"https:\\\/\\\/www.onedose.io\\\/en\\\/#website\",\"url\":\"https:\\\/\\\/www.onedose.io\\\/en\\\/\",\"name\":\"One Dose Health\",\"description\":\"Sa\u011fl\u0131kta Yeni Bir D\u00fcnya\",\"publisher\":{\"@id\":\"https:\\\/\\\/www.onedose.io\\\/en\\\/#organization\"},\"potentialAction\":[{\"@type\":\"SearchAction\",\"target\":{\"@type\":\"EntryPoint\",\"urlTemplate\":\"https:\\\/\\\/www.onedose.io\\\/en\\\/?s={search_term_string}\"},\"query-input\":{\"@type\":\"PropertyValueSpecification\",\"valueRequired\":true,\"valueName\":\"search_term_string\"}}],\"inLanguage\":\"en-US\"},{\"@type\":\"Organization\",\"@id\":\"https:\\\/\\\/www.onedose.io\\\/en\\\/#organization\",\"name\":\"One Dose\",\"url\":\"https:\\\/\\\/www.onedose.io\\\/en\\\/\",\"logo\":{\"@type\":\"ImageObject\",\"inLanguage\":\"en-US\",\"@id\":\"https:\\\/\\\/www.onedose.io\\\/en\\\/#\\\/schema\\\/logo\\\/image\\\/\",\"url\":\"https:\\\/\\\/www.onedose.io\\\/wp-content\\\/uploads\\\/2023\\\/04\\\/onedose_black.png\",\"contentUrl\":\"https:\\\/\\\/www.onedose.io\\\/wp-content\\\/uploads\\\/2023\\\/04\\\/onedose_black.png\",\"width\":314,\"height\":193,\"caption\":\"One Dose\"},\"image\":{\"@id\":\"https:\\\/\\\/www.onedose.io\\\/en\\\/#\\\/schema\\\/logo\\\/image\\\/\"},\"sameAs\":[\"https:\\\/\\\/www.facebook.com\\\/One-Dose-Health-118078991228812\",\"https:\\\/\\\/x.com\\\/onedose_health\",\"https:\\\/\\\/www.instagram.com\\\/onedosehealth\\\/\",\"https:\\\/\\\/www.youtube.com\\\/@onedosehealth\"]}]}<\/script>\n<!-- \/ Yoast SEO Premium plugin. -->","yoast_head_json":{"title":"Job Posting General Application - One Dose","robots":{"index":"index","follow":"follow","max-snippet":"max-snippet:-1","max-image-preview":"max-image-preview:large","max-video-preview":"max-video-preview:-1"},"canonical":"https:\/\/www.onedose.io\/en\/job-posting-general-application\/","og_locale":"en_US","og_type":"article","og_title":"Job Posting General Application","og_description":"[vc_section full_width=&#8221;stretch_row&#8221; pix_over_visibility=&#8221;&#8221; b_custom_height=&#8221;500px&#8221; css=&#8221;.vc_custom_1589068464029{background-color: #ffffff !important;}&#8221;][vc_row full_width=&#8221;stretch_row&#8221; pix_particles_check=&#8221;&#8221; css=&#8221;.vc_custom_1696254984307{padding-bottom: 80px !important;}&#8221;][vc_column][\/vc_column][\/vc_row][\/vc_section]","og_url":"https:\/\/www.onedose.io\/en\/job-posting-general-application\/","og_site_name":"One Dose","article_publisher":"https:\/\/www.facebook.com\/One-Dose-Health-118078991228812","article_modified_time":"2025-04-15T08:00:49+00:00","og_image":[{"width":314,"height":193,"url":"https:\/\/www.onedose.io\/wp-content\/uploads\/2023\/04\/onedose_black.png","type":"image\/png"}],"twitter_card":"summary_large_image","twitter_site":"@onedose_health","twitter_misc":{"Est. reading time":"2 minutes"},"schema":{"@context":"https:\/\/schema.org","@graph":[{"@type":"WebPage","@id":"https:\/\/www.onedose.io\/en\/job-posting-general-application\/","url":"https:\/\/www.onedose.io\/en\/job-posting-general-application\/","name":"Job Posting General Application - One Dose","isPartOf":{"@id":"https:\/\/www.onedose.io\/en\/#website"},"datePublished":"2024-04-01T15:12:54+00:00","dateModified":"2025-04-15T08:00:49+00:00","breadcrumb":{"@id":"https:\/\/www.onedose.io\/en\/job-posting-general-application\/#breadcrumb"},"inLanguage":"en-US","potentialAction":[{"@type":"ReadAction","target":["https:\/\/www.onedose.io\/en\/job-posting-general-application\/"]}]},{"@type":"BreadcrumbList","@id":"https:\/\/www.onedose.io\/en\/job-posting-general-application\/#breadcrumb","itemListElement":[{"@type":"ListItem","position":1,"name":"Anasayfa","item":"https:\/\/www.onedose.io\/en\/"},{"@type":"ListItem","position":2,"name":"Job Posting General Application"}]},{"@type":"WebSite","@id":"https:\/\/www.onedose.io\/en\/#website","url":"https:\/\/www.onedose.io\/en\/","name":"One Dose Health","description":"Sa\u011fl\u0131kta Yeni Bir D\u00fcnya","publisher":{"@id":"https:\/\/www.onedose.io\/en\/#organization"},"potentialAction":[{"@type":"SearchAction","target":{"@type":"EntryPoint","urlTemplate":"https:\/\/www.onedose.io\/en\/?s={search_term_string}"},"query-input":{"@type":"PropertyValueSpecification","valueRequired":true,"valueName":"search_term_string"}}],"inLanguage":"en-US"},{"@type":"Organization","@id":"https:\/\/www.onedose.io\/en\/#organization","name":"One Dose","url":"https:\/\/www.onedose.io\/en\/","logo":{"@type":"ImageObject","inLanguage":"en-US","@id":"https:\/\/www.onedose.io\/en\/#\/schema\/logo\/image\/","url":"https:\/\/www.onedose.io\/wp-content\/uploads\/2023\/04\/onedose_black.png","contentUrl":"https:\/\/www.onedose.io\/wp-content\/uploads\/2023\/04\/onedose_black.png","width":314,"height":193,"caption":"One Dose"},"image":{"@id":"https:\/\/www.onedose.io\/en\/#\/schema\/logo\/image\/"},"sameAs":["https:\/\/www.facebook.com\/One-Dose-Health-118078991228812","https:\/\/x.com\/onedose_health","https:\/\/www.instagram.com\/onedosehealth\/","https:\/\/www.youtube.com\/@onedosehealth"]}]}},"_links":{"self":[{"href":"https:\/\/www.onedose.io\/en\/wp-json\/wp\/v2\/pages\/39506","targetHints":{"allow":["GET"]}}],"collection":[{"href":"https:\/\/www.onedose.io\/en\/wp-json\/wp\/v2\/pages"}],"about":[{"href":"https:\/\/www.onedose.io\/en\/wp-json\/wp\/v2\/types\/page"}],"author":[{"embeddable":true,"href":"https:\/\/www.onedose.io\/en\/wp-json\/wp\/v2\/users\/6"}],"replies":[{"embeddable":true,"href":"https:\/\/www.onedose.io\/en\/wp-json\/wp\/v2\/comments?post=39506"}],"version-history":[{"count":9,"href":"https:\/\/www.onedose.io\/en\/wp-json\/wp\/v2\/pages\/39506\/revisions"}],"predecessor-version":[{"id":42509,"href":"https:\/\/www.onedose.io\/en\/wp-json\/wp\/v2\/pages\/39506\/revisions\/42509"}],"wp:attachment":[{"href":"https:\/\/www.onedose.io\/en\/wp-json\/wp\/v2\/media?parent=39506"}],"curies":[{"name":"wp","href":"https:\/\/api.w.org\/{rel}","templated":true}]}}