{"id":41333,"date":"2024-09-23T15:23:11","date_gmt":"2024-09-23T12:23:11","guid":{"rendered":"https:\/\/www.onedose.io\/products\/online-doctor-3\/"},"modified":"2024-10-10T09:35:47","modified_gmt":"2024-10-10T06:35:47","slug":"online-doctor-3","status":"publish","type":"page","link":"https:\/\/www.onedose.io\/en\/products\/online-doctor-3\/","title":{"rendered":"Online Psychologist Consultation"},"content":{"rendered":"<div class=\"wpb-content-wrapper\">[vc_section pix_over_visibility=&#8221;&#8221; el_id=&#8221;mobile&#8221;][vc_row full_width=&#8221;stretch_row&#8221; content_placement=&#8221;middle&#8221; pix_particles_check=&#8221;&#8221; pix_visibility=&#8221;1&#8243; css=&#8221;.vc_custom_1727095734107{padding-top: 20px !important;padding-bottom: 20px !important;}&#8221;][vc_column width=&#8221;5\/12&#8243;]<div id=\"el1679402981693-f564649b-2ee8\" class=\" text-left  vc_custom_1727095795852\"><h2 class=\"mb-32 pix-sliding-headline-2 animate-in font-weight-bold body-font \" data-anim-type=\"pix-sliding-text\" pix-anim-delay=\"500\" data-class=\"body-font text-primary\" style=\"\"><span class=\"slide-in-container \"><span class=\"pix-sliding-item body-font text-primary\" style=\"transition-delay: 0ms;\">Online&#32;<\/span><\/span> <span class=\"slide-in-container \"><span class=\"pix-sliding-item body-font text-primary\" style=\"transition-delay: 150ms;\">Psychologist&#32;<\/span><\/span> <span class=\"slide-in-container \"><span class=\"pix-sliding-item body-font text-primary\" style=\"transition-delay: 300ms;\">Consultation&#32;<\/span><\/span> <\/h2><\/div><div class=\"pix-el-text w-100  \" ><div class=\"d-inline-block\" style=\"max-width:500px;\"><p class=\"text-sm  text-body-default  \" ><span class=\"text-body-default animate-in d-inline-block\" data-anim-delay=\"200\" data-anim-type=\"fade-in-up\">\r\n<div style=\"font-size: 16px!important;\">With our online psychologist service, participate in online therapy sessions with expert therapists to support your mental health.\nOvercome stress, anxiety and other challenges with sessions tailored to your own time and needs.\nFocus on your mental health with professional psychological support in the comfort of your home.  <\/div>\r\n<\/span><\/p><\/div><\/div><div class=\"pix-el-text w-100   vc_custom_1727180442194\" ><div class=\"d-inline-block\" style=\"max-width:500px;\"><p class=\"text-sm  text-body-default  \" ><span class=\"text-body-default animate-in d-inline-block\" data-anim-delay=\"200\" data-anim-type=\"fade-in-up\">\r\n<div style=\"font-size: 16px!important;\">Sign up for online therapy, book your appointment with an online psychologist and take a step for yourself. Add balance to your life with regular online therapy!   <b>Register and book your psychologist appointment online!<\/b><\/div>\r\n<\/span><\/p><\/div><\/div><a  href=\"https:\/\/online.onedose.io\/unauth\/start\" class=\"btn mb-2      btn-primary d-inline-flex align-items-center      btn-md\"     ><span class=\"font-weight-bold \" >Click to make an appointment<\/span><\/a>[\/vc_column][vc_column width=&#8221;1\/2&#8243;]<div id=\"img-08009eefb35bb0303fcd77fab0738169\" class=\"pix-img-element d-inline-block \" ><div class=\"pix-img-el     text-left d-inline-block  w-100 rounded-0\"  ><img loading=\"lazy\" decoding=\"async\" width=\"1920\" height=\"2560\" src=\"https:\/\/www.onedose.io\/wp-content\/uploads\/2023\/03\/online_kons_2-scaled.jpg\" class=\"pix-img-elem rounded-0\" alt=\"Image link\" srcset=\"https:\/\/www.onedose.io\/wp-content\/uploads\/2023\/03\/online_kons_2-scaled.jpg 1920w, https:\/\/www.onedose.io\/wp-content\/uploads\/2023\/03\/online_kons_2-225x300.jpg 225w, https:\/\/www.onedose.io\/wp-content\/uploads\/2023\/03\/online_kons_2-768x1024.jpg 768w, https:\/\/www.onedose.io\/wp-content\/uploads\/2023\/03\/online_kons_2-1152x1536.jpg 1152w, https:\/\/www.onedose.io\/wp-content\/uploads\/2023\/03\/online_kons_2-1536x2048.jpg 1536w\" sizes=\"auto, (max-width: 1920px) 100vw, 1920px\" \/><\/div><\/div>[\/vc_column][\/vc_row][\/vc_section]<\/div>","protected":false},"excerpt":{"rendered":"[vc_section pix_over_visibility=&#8221;&#8221; el_id=&#8221;mobile&#8221;][vc_row full_width=&#8221;stretch_row&#8221; content_placement=&#8221;middle&#8221; pix_particles_check=&#8221;&#8221; pix_visibility=&#8221;1&#8243; css=&#8221;.vc_custom_1727095734107{padding-top: 20px !important;padding-bottom: 20px !important;}&#8221;][vc_column width=&#8221;5\/12&#8243;][\/vc_column][vc_column width=&#8221;1\/2&#8243;][\/vc_column][\/vc_row][\/vc_section]","protected":false},"author":6,"featured_media":0,"parent":35891,"menu_order":0,"comment_status":"closed","ping_status":"closed","template":"","meta":{"footnotes":""},"class_list":["post-41333","page","type-page","status-publish","hentry"],"yoast_head":"<!-- This site is optimized with the Yoast SEO Premium plugin v24.0 (Yoast SEO v27.4) - https:\/\/yoast.com\/product\/yoast-seo-premium-wordpress\/ -->\n<title>Online Psychologist Consultation - One Dose<\/title>\n<meta name=\"robots\" content=\"noindex, nofollow\" \/>\n<meta property=\"og:locale\" content=\"en_US\" \/>\n<meta property=\"og:type\" content=\"article\" \/>\n<meta property=\"og:title\" content=\"Online Psychologist Consultation\" \/>\n<meta property=\"og:description\" content=\"[vc_section pix_over_visibility=&#8221;&#8221; el_id=&#8221;mobile&#8221;][vc_row full_width=&#8221;stretch_row&#8221; content_placement=&#8221;middle&#8221; pix_particles_check=&#8221;&#8221; pix_visibility=&#8221;1&#8243; css=&#8221;.vc_custom_1727095734107{padding-top: 20px !important;padding-bottom: 20px !important;}&#8221;][vc_column width=&#8221;5\/12&#8243;][\/vc_column][vc_column width=&#8221;1\/2&#8243;][\/vc_column][\/vc_row][\/vc_section]\" \/>\n<meta property=\"og:url\" content=\"https:\/\/www.onedose.io\/en\/products\/online-doctor-3\/\" \/>\n<meta property=\"og:site_name\" content=\"One Dose\" \/>\n<meta property=\"article:publisher\" content=\"https:\/\/www.facebook.com\/One-Dose-Health-118078991228812\" \/>\n<meta property=\"article:modified_time\" content=\"2024-10-10T06:35:47+00:00\" \/>\n<meta property=\"og:image\" content=\"https:\/\/www.onedose.io\/wp-content\/uploads\/2023\/04\/onedose_black.png\" \/>\n\t<meta property=\"og:image:width\" content=\"314\" \/>\n\t<meta property=\"og:image:height\" content=\"193\" \/>\n\t<meta property=\"og:image:type\" content=\"image\/png\" \/>\n<meta name=\"twitter:card\" content=\"summary_large_image\" \/>\n<meta name=\"twitter:site\" content=\"@onedose_health\" \/>\n<meta name=\"twitter:label1\" content=\"Est. reading time\" \/>\n\t<meta name=\"twitter:data1\" content=\"1 minute\" \/>\n<script type=\"application\/ld+json\" class=\"yoast-schema-graph\">{\"@context\":\"https:\\\/\\\/schema.org\",\"@graph\":[{\"@type\":\"WebPage\",\"@id\":\"https:\\\/\\\/www.onedose.io\\\/en\\\/products\\\/online-doctor-3\\\/\",\"url\":\"https:\\\/\\\/www.onedose.io\\\/en\\\/products\\\/online-doctor-3\\\/\",\"name\":\"Online Psychologist Consultation - One Dose\",\"isPartOf\":{\"@id\":\"https:\\\/\\\/www.onedose.io\\\/en\\\/#website\"},\"datePublished\":\"2024-09-23T12:23:11+00:00\",\"dateModified\":\"2024-10-10T06:35:47+00:00\",\"breadcrumb\":{\"@id\":\"https:\\\/\\\/www.onedose.io\\\/en\\\/products\\\/online-doctor-3\\\/#breadcrumb\"},\"inLanguage\":\"en-US\",\"potentialAction\":[{\"@type\":\"ReadAction\",\"target\":[\"https:\\\/\\\/www.onedose.io\\\/en\\\/products\\\/online-doctor-3\\\/\"]}]},{\"@type\":\"BreadcrumbList\",\"@id\":\"https:\\\/\\\/www.onedose.io\\\/en\\\/products\\\/online-doctor-3\\\/#breadcrumb\",\"itemListElement\":[{\"@type\":\"ListItem\",\"position\":1,\"name\":\"Anasayfa\",\"item\":\"https:\\\/\\\/www.onedose.io\\\/en\\\/\"},{\"@type\":\"ListItem\",\"position\":2,\"name\":\"Products\",\"item\":\"https:\\\/\\\/www.onedose.io\\\/en\\\/products\\\/\"},{\"@type\":\"ListItem\",\"position\":3,\"name\":\"Online Psychologist Consultation\"}]},{\"@type\":\"WebSite\",\"@id\":\"https:\\\/\\\/www.onedose.io\\\/en\\\/#website\",\"url\":\"https:\\\/\\\/www.onedose.io\\\/en\\\/\",\"name\":\"One Dose Health\",\"description\":\"Sa\u011fl\u0131kta Yeni Bir D\u00fcnya\",\"publisher\":{\"@id\":\"https:\\\/\\\/www.onedose.io\\\/en\\\/#organization\"},\"potentialAction\":[{\"@type\":\"SearchAction\",\"target\":{\"@type\":\"EntryPoint\",\"urlTemplate\":\"https:\\\/\\\/www.onedose.io\\\/en\\\/?s={search_term_string}\"},\"query-input\":{\"@type\":\"PropertyValueSpecification\",\"valueRequired\":true,\"valueName\":\"search_term_string\"}}],\"inLanguage\":\"en-US\"},{\"@type\":\"Organization\",\"@id\":\"https:\\\/\\\/www.onedose.io\\\/en\\\/#organization\",\"name\":\"One Dose\",\"url\":\"https:\\\/\\\/www.onedose.io\\\/en\\\/\",\"logo\":{\"@type\":\"ImageObject\",\"inLanguage\":\"en-US\",\"@id\":\"https:\\\/\\\/www.onedose.io\\\/en\\\/#\\\/schema\\\/logo\\\/image\\\/\",\"url\":\"https:\\\/\\\/www.onedose.io\\\/wp-content\\\/uploads\\\/2023\\\/04\\\/onedose_black.png\",\"contentUrl\":\"https:\\\/\\\/www.onedose.io\\\/wp-content\\\/uploads\\\/2023\\\/04\\\/onedose_black.png\",\"width\":314,\"height\":193,\"caption\":\"One Dose\"},\"image\":{\"@id\":\"https:\\\/\\\/www.onedose.io\\\/en\\\/#\\\/schema\\\/logo\\\/image\\\/\"},\"sameAs\":[\"https:\\\/\\\/www.facebook.com\\\/One-Dose-Health-118078991228812\",\"https:\\\/\\\/x.com\\\/onedose_health\",\"https:\\\/\\\/www.instagram.com\\\/onedosehealth\\\/\",\"https:\\\/\\\/www.youtube.com\\\/@onedosehealth\"]}]}<\/script>\n<!-- \/ Yoast SEO Premium plugin. -->","yoast_head_json":{"title":"Online Psychologist Consultation - One Dose","robots":{"index":"noindex","follow":"nofollow"},"og_locale":"en_US","og_type":"article","og_title":"Online Psychologist Consultation","og_description":"[vc_section pix_over_visibility=&#8221;&#8221; el_id=&#8221;mobile&#8221;][vc_row full_width=&#8221;stretch_row&#8221; content_placement=&#8221;middle&#8221; pix_particles_check=&#8221;&#8221; pix_visibility=&#8221;1&#8243; css=&#8221;.vc_custom_1727095734107{padding-top: 20px !important;padding-bottom: 20px !important;}&#8221;][vc_column width=&#8221;5\/12&#8243;][\/vc_column][vc_column width=&#8221;1\/2&#8243;][\/vc_column][\/vc_row][\/vc_section]","og_url":"https:\/\/www.onedose.io\/en\/products\/online-doctor-3\/","og_site_name":"One Dose","article_publisher":"https:\/\/www.facebook.com\/One-Dose-Health-118078991228812","article_modified_time":"2024-10-10T06:35:47+00:00","og_image":[{"width":314,"height":193,"url":"https:\/\/www.onedose.io\/wp-content\/uploads\/2023\/04\/onedose_black.png","type":"image\/png"}],"twitter_card":"summary_large_image","twitter_site":"@onedose_health","twitter_misc":{"Est. reading time":"1 minute"},"schema":{"@context":"https:\/\/schema.org","@graph":[{"@type":"WebPage","@id":"https:\/\/www.onedose.io\/en\/products\/online-doctor-3\/","url":"https:\/\/www.onedose.io\/en\/products\/online-doctor-3\/","name":"Online Psychologist Consultation - One Dose","isPartOf":{"@id":"https:\/\/www.onedose.io\/en\/#website"},"datePublished":"2024-09-23T12:23:11+00:00","dateModified":"2024-10-10T06:35:47+00:00","breadcrumb":{"@id":"https:\/\/www.onedose.io\/en\/products\/online-doctor-3\/#breadcrumb"},"inLanguage":"en-US","potentialAction":[{"@type":"ReadAction","target":["https:\/\/www.onedose.io\/en\/products\/online-doctor-3\/"]}]},{"@type":"BreadcrumbList","@id":"https:\/\/www.onedose.io\/en\/products\/online-doctor-3\/#breadcrumb","itemListElement":[{"@type":"ListItem","position":1,"name":"Anasayfa","item":"https:\/\/www.onedose.io\/en\/"},{"@type":"ListItem","position":2,"name":"Products","item":"https:\/\/www.onedose.io\/en\/products\/"},{"@type":"ListItem","position":3,"name":"Online Psychologist Consultation"}]},{"@type":"WebSite","@id":"https:\/\/www.onedose.io\/en\/#website","url":"https:\/\/www.onedose.io\/en\/","name":"One Dose Health","description":"Sa\u011fl\u0131kta Yeni Bir D\u00fcnya","publisher":{"@id":"https:\/\/www.onedose.io\/en\/#organization"},"potentialAction":[{"@type":"SearchAction","target":{"@type":"EntryPoint","urlTemplate":"https:\/\/www.onedose.io\/en\/?s={search_term_string}"},"query-input":{"@type":"PropertyValueSpecification","valueRequired":true,"valueName":"search_term_string"}}],"inLanguage":"en-US"},{"@type":"Organization","@id":"https:\/\/www.onedose.io\/en\/#organization","name":"One Dose","url":"https:\/\/www.onedose.io\/en\/","logo":{"@type":"ImageObject","inLanguage":"en-US","@id":"https:\/\/www.onedose.io\/en\/#\/schema\/logo\/image\/","url":"https:\/\/www.onedose.io\/wp-content\/uploads\/2023\/04\/onedose_black.png","contentUrl":"https:\/\/www.onedose.io\/wp-content\/uploads\/2023\/04\/onedose_black.png","width":314,"height":193,"caption":"One Dose"},"image":{"@id":"https:\/\/www.onedose.io\/en\/#\/schema\/logo\/image\/"},"sameAs":["https:\/\/www.facebook.com\/One-Dose-Health-118078991228812","https:\/\/x.com\/onedose_health","https:\/\/www.instagram.com\/onedosehealth\/","https:\/\/www.youtube.com\/@onedosehealth"]}]}},"_links":{"self":[{"href":"https:\/\/www.onedose.io\/en\/wp-json\/wp\/v2\/pages\/41333","targetHints":{"allow":["GET"]}}],"collection":[{"href":"https:\/\/www.onedose.io\/en\/wp-json\/wp\/v2\/pages"}],"about":[{"href":"https:\/\/www.onedose.io\/en\/wp-json\/wp\/v2\/types\/page"}],"author":[{"embeddable":true,"href":"https:\/\/www.onedose.io\/en\/wp-json\/wp\/v2\/users\/6"}],"replies":[{"embeddable":true,"href":"https:\/\/www.onedose.io\/en\/wp-json\/wp\/v2\/comments?post=41333"}],"version-history":[{"count":11,"href":"https:\/\/www.onedose.io\/en\/wp-json\/wp\/v2\/pages\/41333\/revisions"}],"predecessor-version":[{"id":41627,"href":"https:\/\/www.onedose.io\/en\/wp-json\/wp\/v2\/pages\/41333\/revisions\/41627"}],"up":[{"embeddable":true,"href":"https:\/\/www.onedose.io\/en\/wp-json\/wp\/v2\/pages\/35891"}],"wp:attachment":[{"href":"https:\/\/www.onedose.io\/en\/wp-json\/wp\/v2\/media?parent=41333"}],"curies":[{"name":"wp","href":"https:\/\/api.w.org\/{rel}","templated":true}]}}