{"id":41456,"date":"2024-09-25T17:43:26","date_gmt":"2024-09-25T14:43:26","guid":{"rendered":"https:\/\/www.onedose.io\/sompo-sigorta-a-s-declaration-of-explicit-consent-for-the-processing-of-customer-personal-data-including-special-categories-of-data-2\/"},"modified":"2024-09-25T17:57:20","modified_gmt":"2024-09-25T14:57:20","slug":"explict_consent","status":"publish","type":"page","link":"https:\/\/www.onedose.io\/en\/explict_consent\/","title":{"rendered":"EXPLICIT CONSENT FOR THE PROCESSING OF PERSONAL DATA FOR PATIENTS"},"content":{"rendered":"<div class=\"wpb-content-wrapper\">[vc_row pix_particles_check=&#8221;&#8221; css=&#8221;.vc_custom_1689774390102{padding-top: 30px !important;}&#8221;][vc_column][vc_column_text css=&#8221;&#8221;]\r\n<h4 style=\"text-align: center;\"><strong>EXPLICIT CONSENT FOR THE PROCESSING OF PERSONAL DATA FOR PATIENTS<\/strong><\/h4>\r\nI have read the Clarification Statement on the Processing of Personal Data (&#8220;Clarification Statement&#8221;).\r\nI expressly consent to the processing of my contact information by One Dose Sa\u011fl\u0131k Teknolojileri Anonim \u015eirketi (&#8220;Company&#8221;) for the purpose of contacting me for marketing purposes within the scope of the Law No. 6698 on the Protection of Personal Data (&#8220;KVKK&#8221;) General Data Protection Regulation (&#8220;GDPR&#8221;) as stated in the Clarification Statement.\r\nName Surname ______________________ Signature: ______________________ Date: ______________________\r\n\r\n<hr \/>\r\n\r\n<h4 style=\"text-align: center;\"><strong>GENERAL DISCLOSURE ON THE TRANSFER OF PERSONAL DATA FOR PATIENTS<\/strong><\/h4>\r\nI have read the Information Form on the Processing of Personal Data (&#8220;Information Form&#8221;).\r\nAs stated in the information form, within the scope of the Personal Data Protection Law No. 6698 (&#8220;KVKK&#8221;) and the General Data Protection Regulation (&#8220;GDPR&#8221;), One Dose Sa\u011fl\u0131k Teknolojileri Anonim \u015eirketi (&#8220;Company&#8221;) may process racial information, blood group information, personal health information for the execution and supervision of business activities, I expressly consent to the transfer of racial information, ethnic origin information, information on disability status, blood group information, personal health information, device and prosthesis information, genetic data to business partners in order for contracted doctors to access the data.\r\nName Surname ______________________ Signature: ______________________ Date: ______________________[\/vc_column_text][\/vc_column][\/vc_row]<\/div>","protected":false},"excerpt":{"rendered":"[vc_row pix_particles_check=&#8221;&#8221; css=&#8221;.vc_custom_1689774390102{padding-top: 30px !important;}&#8221;][vc_column][vc_column_text css=&#8221;&#8221;] EXPLICIT CONSENT FOR THE PROCESSING OF PERSONAL DATA FOR PATIENTS I have read the Clarification Statement on the Processing of Personal Data (&#8220;Clarification Statement&#8221;). I expressly consent to the processing of my contact information&#8230;","protected":false},"author":6,"featured_media":0,"parent":0,"menu_order":0,"comment_status":"closed","ping_status":"closed","template":"","meta":{"footnotes":""},"class_list":["post-41456","page","type-page","status-publish","hentry"],"yoast_head":"<!-- This site is optimized with the Yoast SEO Premium plugin v24.0 (Yoast SEO v27.3) - https:\/\/yoast.com\/product\/yoast-seo-premium-wordpress\/ -->\n<title>EXPLICIT CONSENT FOR THE PROCESSING OF PERSONAL DATA FOR PATIENTS - One Dose<\/title>\n<meta name=\"robots\" content=\"index, follow, max-snippet:-1, max-image-preview:large, max-video-preview:-1\" \/>\n<link rel=\"canonical\" href=\"https:\/\/www.onedose.io\/en\/explict_consent\/\" \/>\n<meta property=\"og:locale\" content=\"en_US\" \/>\n<meta property=\"og:type\" content=\"article\" \/>\n<meta property=\"og:title\" content=\"EXPLICIT CONSENT FOR THE PROCESSING OF PERSONAL DATA FOR PATIENTS\" \/>\n<meta property=\"og:description\" content=\"[vc_row pix_particles_check=&#8221;&#8221; css=&#8221;.vc_custom_1689774390102{padding-top: 30px !important;}&#8221;][vc_column][vc_column_text css=&#8221;&#8221;] EXPLICIT CONSENT FOR THE PROCESSING OF PERSONAL DATA FOR PATIENTS I have read the Clarification Statement on the Processing of Personal Data (&#8220;Clarification Statement&#8221;). I expressly consent to the processing of my contact information...\" \/>\n<meta property=\"og:url\" content=\"https:\/\/www.onedose.io\/en\/explict_consent\/\" \/>\n<meta property=\"og:site_name\" content=\"One Dose\" \/>\n<meta property=\"article:publisher\" content=\"https:\/\/www.facebook.com\/One-Dose-Health-118078991228812\" \/>\n<meta property=\"article:modified_time\" content=\"2024-09-25T14:57:20+00:00\" \/>\n<meta property=\"og:image\" content=\"https:\/\/www.onedose.io\/wp-content\/uploads\/2023\/04\/onedose_black.png\" \/>\n\t<meta property=\"og:image:width\" content=\"314\" \/>\n\t<meta property=\"og:image:height\" content=\"193\" \/>\n\t<meta property=\"og:image:type\" content=\"image\/png\" \/>\n<meta name=\"twitter:card\" content=\"summary_large_image\" \/>\n<meta name=\"twitter:site\" content=\"@onedose_health\" \/>\n<meta name=\"twitter:label1\" content=\"Est. reading time\" \/>\n\t<meta name=\"twitter:data1\" content=\"2 minutes\" \/>\n<script type=\"application\/ld+json\" class=\"yoast-schema-graph\">{\"@context\":\"https:\\\/\\\/schema.org\",\"@graph\":[{\"@type\":\"WebPage\",\"@id\":\"https:\\\/\\\/www.onedose.io\\\/en\\\/explict_consent\\\/\",\"url\":\"https:\\\/\\\/www.onedose.io\\\/en\\\/explict_consent\\\/\",\"name\":\"EXPLICIT CONSENT FOR THE PROCESSING OF PERSONAL DATA FOR PATIENTS - One Dose\",\"isPartOf\":{\"@id\":\"https:\\\/\\\/www.onedose.io\\\/en\\\/#website\"},\"datePublished\":\"2024-09-25T14:43:26+00:00\",\"dateModified\":\"2024-09-25T14:57:20+00:00\",\"breadcrumb\":{\"@id\":\"https:\\\/\\\/www.onedose.io\\\/en\\\/explict_consent\\\/#breadcrumb\"},\"inLanguage\":\"en-US\",\"potentialAction\":[{\"@type\":\"ReadAction\",\"target\":[\"https:\\\/\\\/www.onedose.io\\\/en\\\/explict_consent\\\/\"]}]},{\"@type\":\"BreadcrumbList\",\"@id\":\"https:\\\/\\\/www.onedose.io\\\/en\\\/explict_consent\\\/#breadcrumb\",\"itemListElement\":[{\"@type\":\"ListItem\",\"position\":1,\"name\":\"Anasayfa\",\"item\":\"https:\\\/\\\/www.onedose.io\\\/en\\\/\"},{\"@type\":\"ListItem\",\"position\":2,\"name\":\"EXPLICIT CONSENT FOR THE PROCESSING OF PERSONAL DATA FOR PATIENTS\"}]},{\"@type\":\"WebSite\",\"@id\":\"https:\\\/\\\/www.onedose.io\\\/en\\\/#website\",\"url\":\"https:\\\/\\\/www.onedose.io\\\/en\\\/\",\"name\":\"One Dose Health\",\"description\":\"Sa\u011fl\u0131kta Yeni Bir D\u00fcnya\",\"publisher\":{\"@id\":\"https:\\\/\\\/www.onedose.io\\\/en\\\/#organization\"},\"potentialAction\":[{\"@type\":\"SearchAction\",\"target\":{\"@type\":\"EntryPoint\",\"urlTemplate\":\"https:\\\/\\\/www.onedose.io\\\/en\\\/?s={search_term_string}\"},\"query-input\":{\"@type\":\"PropertyValueSpecification\",\"valueRequired\":true,\"valueName\":\"search_term_string\"}}],\"inLanguage\":\"en-US\"},{\"@type\":\"Organization\",\"@id\":\"https:\\\/\\\/www.onedose.io\\\/en\\\/#organization\",\"name\":\"One Dose\",\"url\":\"https:\\\/\\\/www.onedose.io\\\/en\\\/\",\"logo\":{\"@type\":\"ImageObject\",\"inLanguage\":\"en-US\",\"@id\":\"https:\\\/\\\/www.onedose.io\\\/en\\\/#\\\/schema\\\/logo\\\/image\\\/\",\"url\":\"https:\\\/\\\/www.onedose.io\\\/wp-content\\\/uploads\\\/2023\\\/04\\\/onedose_black.png\",\"contentUrl\":\"https:\\\/\\\/www.onedose.io\\\/wp-content\\\/uploads\\\/2023\\\/04\\\/onedose_black.png\",\"width\":314,\"height\":193,\"caption\":\"One Dose\"},\"image\":{\"@id\":\"https:\\\/\\\/www.onedose.io\\\/en\\\/#\\\/schema\\\/logo\\\/image\\\/\"},\"sameAs\":[\"https:\\\/\\\/www.facebook.com\\\/One-Dose-Health-118078991228812\",\"https:\\\/\\\/x.com\\\/onedose_health\",\"https:\\\/\\\/www.instagram.com\\\/onedosehealth\\\/\",\"https:\\\/\\\/www.youtube.com\\\/@onedosehealth\"]}]}<\/script>\n<!-- \/ Yoast SEO Premium plugin. -->","yoast_head_json":{"title":"EXPLICIT CONSENT FOR THE PROCESSING OF PERSONAL DATA FOR PATIENTS - One Dose","robots":{"index":"index","follow":"follow","max-snippet":"max-snippet:-1","max-image-preview":"max-image-preview:large","max-video-preview":"max-video-preview:-1"},"canonical":"https:\/\/www.onedose.io\/en\/explict_consent\/","og_locale":"en_US","og_type":"article","og_title":"EXPLICIT CONSENT FOR THE PROCESSING OF PERSONAL DATA FOR PATIENTS","og_description":"[vc_row pix_particles_check=&#8221;&#8221; css=&#8221;.vc_custom_1689774390102{padding-top: 30px !important;}&#8221;][vc_column][vc_column_text css=&#8221;&#8221;] EXPLICIT CONSENT FOR THE PROCESSING OF PERSONAL DATA FOR PATIENTS I have read the Clarification Statement on the Processing of Personal Data (&#8220;Clarification Statement&#8221;). I expressly consent to the processing of my contact information...","og_url":"https:\/\/www.onedose.io\/en\/explict_consent\/","og_site_name":"One Dose","article_publisher":"https:\/\/www.facebook.com\/One-Dose-Health-118078991228812","article_modified_time":"2024-09-25T14:57:20+00:00","og_image":[{"width":314,"height":193,"url":"https:\/\/www.onedose.io\/wp-content\/uploads\/2023\/04\/onedose_black.png","type":"image\/png"}],"twitter_card":"summary_large_image","twitter_site":"@onedose_health","twitter_misc":{"Est. reading time":"2 minutes"},"schema":{"@context":"https:\/\/schema.org","@graph":[{"@type":"WebPage","@id":"https:\/\/www.onedose.io\/en\/explict_consent\/","url":"https:\/\/www.onedose.io\/en\/explict_consent\/","name":"EXPLICIT CONSENT FOR THE PROCESSING OF PERSONAL DATA FOR PATIENTS - One Dose","isPartOf":{"@id":"https:\/\/www.onedose.io\/en\/#website"},"datePublished":"2024-09-25T14:43:26+00:00","dateModified":"2024-09-25T14:57:20+00:00","breadcrumb":{"@id":"https:\/\/www.onedose.io\/en\/explict_consent\/#breadcrumb"},"inLanguage":"en-US","potentialAction":[{"@type":"ReadAction","target":["https:\/\/www.onedose.io\/en\/explict_consent\/"]}]},{"@type":"BreadcrumbList","@id":"https:\/\/www.onedose.io\/en\/explict_consent\/#breadcrumb","itemListElement":[{"@type":"ListItem","position":1,"name":"Anasayfa","item":"https:\/\/www.onedose.io\/en\/"},{"@type":"ListItem","position":2,"name":"EXPLICIT CONSENT FOR THE PROCESSING OF PERSONAL DATA FOR PATIENTS"}]},{"@type":"WebSite","@id":"https:\/\/www.onedose.io\/en\/#website","url":"https:\/\/www.onedose.io\/en\/","name":"One Dose Health","description":"Sa\u011fl\u0131kta Yeni Bir D\u00fcnya","publisher":{"@id":"https:\/\/www.onedose.io\/en\/#organization"},"potentialAction":[{"@type":"SearchAction","target":{"@type":"EntryPoint","urlTemplate":"https:\/\/www.onedose.io\/en\/?s={search_term_string}"},"query-input":{"@type":"PropertyValueSpecification","valueRequired":true,"valueName":"search_term_string"}}],"inLanguage":"en-US"},{"@type":"Organization","@id":"https:\/\/www.onedose.io\/en\/#organization","name":"One Dose","url":"https:\/\/www.onedose.io\/en\/","logo":{"@type":"ImageObject","inLanguage":"en-US","@id":"https:\/\/www.onedose.io\/en\/#\/schema\/logo\/image\/","url":"https:\/\/www.onedose.io\/wp-content\/uploads\/2023\/04\/onedose_black.png","contentUrl":"https:\/\/www.onedose.io\/wp-content\/uploads\/2023\/04\/onedose_black.png","width":314,"height":193,"caption":"One Dose"},"image":{"@id":"https:\/\/www.onedose.io\/en\/#\/schema\/logo\/image\/"},"sameAs":["https:\/\/www.facebook.com\/One-Dose-Health-118078991228812","https:\/\/x.com\/onedose_health","https:\/\/www.instagram.com\/onedosehealth\/","https:\/\/www.youtube.com\/@onedosehealth"]}]}},"_links":{"self":[{"href":"https:\/\/www.onedose.io\/en\/wp-json\/wp\/v2\/pages\/41456","targetHints":{"allow":["GET"]}}],"collection":[{"href":"https:\/\/www.onedose.io\/en\/wp-json\/wp\/v2\/pages"}],"about":[{"href":"https:\/\/www.onedose.io\/en\/wp-json\/wp\/v2\/types\/page"}],"author":[{"embeddable":true,"href":"https:\/\/www.onedose.io\/en\/wp-json\/wp\/v2\/users\/6"}],"replies":[{"embeddable":true,"href":"https:\/\/www.onedose.io\/en\/wp-json\/wp\/v2\/comments?post=41456"}],"version-history":[{"count":22,"href":"https:\/\/www.onedose.io\/en\/wp-json\/wp\/v2\/pages\/41456\/revisions"}],"predecessor-version":[{"id":41486,"href":"https:\/\/www.onedose.io\/en\/wp-json\/wp\/v2\/pages\/41456\/revisions\/41486"}],"wp:attachment":[{"href":"https:\/\/www.onedose.io\/en\/wp-json\/wp\/v2\/media?parent=41456"}],"curies":[{"name":"wp","href":"https:\/\/api.w.org\/{rel}","templated":true}]}}