{"id":42474,"date":"2025-04-09T15:59:18","date_gmt":"2025-04-09T12:59:18","guid":{"rendered":"https:\/\/www.onedose.io\/our-ethical-values\/"},"modified":"2025-09-11T10:11:48","modified_gmt":"2025-09-11T07:11:48","slug":"our-ethical-values","status":"publish","type":"page","link":"https:\/\/www.onedose.io\/en\/our-ethical-values\/","title":{"rendered":"Our Ethical Values"},"content":{"rendered":"<div class=\"wpb-content-wrapper\">[vc_row pix_particles_check=&#8221;&#8221;][vc_column][vc_column_text css=&#8221;&#8221;]\r\n<h3><\/h3>\r\n<h1 style=\"margin: 0cm; color: black; text-align: center;\"><strong>Our Ethical Values and Working Principles<\/strong><\/h1>\r\n&nbsp;\r\n<ul>\r\n \t<li>One Dose Health transparently discloses its assets, management, and business status with integrity.<\/li>\r\n \t<li>We do not compromise on the principle of honesty in any of the services provided.<\/li>\r\n \t<li>We ensure the confidentiality of patient information.<\/li>\r\n \t<li>We ensure that all personnel are knowledgeable about and apply the principles of patient safety.<\/li>\r\n \t<li>We accurately bill for all services rendered and ensure that financial matters and payment arrangements do not negatively affect the services provided to the patient.<\/li>\r\n \t<li>We promote transparency in the reporting of company goals.<\/li>\r\n \t<li>We follow a policy where healthcare staff and other employees are free to raise any errors (including medical errors) or ethical issues without fear of punishment, encouraging open discussion.<\/li>\r\n \t<li>We provide timely and effective solutions to ethical disputes and ensure that implemented solutions are monitored.<\/li>\r\n \t<li>We do not tolerate any form of discrimination. In disputes between patients and service providers (doctors, nurses, and other staff), we support the resolution process and decision-making within an ethical framework.<\/li>\r\n \t<li>We do not permit any inequalities regarding access to services and clinical practices in the provision of healthcare.<\/li>\r\n \t<li>We support the provision of training and support resources to strengthen and increase compliance with ethical understanding.<\/li>\r\n \t<li>We recognize the personal dignity and professional integrity of our employees. We do not discriminate based on religion, race, language, or gender among employees.<\/li>\r\n \t<li>In the workplace, we consider behaviors such as harassment, bullying, and intimidation as ethical violations and take an active role in preventing such behaviors. We ensure the full implementation of relevant legislation.<\/li>\r\n \t<li>We do not engage in misleading advertising or commercial referrals that could undermine patient trust.<\/li>\r\n<\/ul>\r\n[\/vc_column_text][\/vc_column][\/vc_row]<\/div>","protected":false},"excerpt":{"rendered":"[vc_row pix_particles_check=&#8221;&#8221;][vc_column][vc_column_text css=&#8221;&#8221;] Our Ethical Values and Working Principles &nbsp; One Dose Health transparently discloses its assets, management, and business status with integrity. We do not compromise on the principle of honesty in any of the services provided. We ensure&#8230;","protected":false},"author":6,"featured_media":0,"parent":0,"menu_order":0,"comment_status":"closed","ping_status":"closed","template":"","meta":{"footnotes":""},"class_list":["post-42474","page","type-page","status-publish","hentry"],"yoast_head":"<!-- This site is optimized with the Yoast SEO Premium plugin v24.0 (Yoast SEO v27.3) - https:\/\/yoast.com\/product\/yoast-seo-premium-wordpress\/ -->\n<title>Our Ethical Values - One Dose<\/title>\n<meta name=\"robots\" content=\"index, follow, max-snippet:-1, max-image-preview:large, max-video-preview:-1\" \/>\n<link rel=\"canonical\" href=\"https:\/\/www.onedose.io\/en\/our-ethical-values\/\" \/>\n<meta property=\"og:locale\" content=\"en_US\" \/>\n<meta property=\"og:type\" content=\"article\" \/>\n<meta property=\"og:title\" content=\"Our Ethical Values\" \/>\n<meta property=\"og:description\" content=\"[vc_row pix_particles_check=&#8221;&#8221;][vc_column][vc_column_text css=&#8221;&#8221;] Our Ethical Values and Working Principles &nbsp; One Dose Health transparently discloses its assets, management, and business status with integrity. We do not compromise on the principle of honesty in any of the services provided. We ensure...\" \/>\n<meta property=\"og:url\" content=\"https:\/\/www.onedose.io\/en\/our-ethical-values\/\" \/>\n<meta property=\"og:site_name\" content=\"One Dose\" \/>\n<meta property=\"article:publisher\" content=\"https:\/\/www.facebook.com\/One-Dose-Health-118078991228812\" \/>\n<meta property=\"article:modified_time\" content=\"2025-09-11T07:11:48+00:00\" \/>\n<meta property=\"og:image\" content=\"https:\/\/www.onedose.io\/wp-content\/uploads\/2023\/04\/onedose_black.png\" \/>\n\t<meta property=\"og:image:width\" content=\"314\" \/>\n\t<meta property=\"og:image:height\" content=\"193\" \/>\n\t<meta property=\"og:image:type\" content=\"image\/png\" \/>\n<meta name=\"twitter:card\" content=\"summary_large_image\" \/>\n<meta name=\"twitter:site\" content=\"@onedose_health\" \/>\n<meta name=\"twitter:label1\" content=\"Est. reading time\" \/>\n\t<meta name=\"twitter:data1\" content=\"2 minutes\" \/>\n<script type=\"application\/ld+json\" class=\"yoast-schema-graph\">{\"@context\":\"https:\\\/\\\/schema.org\",\"@graph\":[{\"@type\":\"WebPage\",\"@id\":\"https:\\\/\\\/www.onedose.io\\\/en\\\/our-ethical-values\\\/\",\"url\":\"https:\\\/\\\/www.onedose.io\\\/en\\\/our-ethical-values\\\/\",\"name\":\"Our Ethical Values - One Dose\",\"isPartOf\":{\"@id\":\"https:\\\/\\\/www.onedose.io\\\/en\\\/#website\"},\"datePublished\":\"2025-04-09T12:59:18+00:00\",\"dateModified\":\"2025-09-11T07:11:48+00:00\",\"breadcrumb\":{\"@id\":\"https:\\\/\\\/www.onedose.io\\\/en\\\/our-ethical-values\\\/#breadcrumb\"},\"inLanguage\":\"en-US\",\"potentialAction\":[{\"@type\":\"ReadAction\",\"target\":[\"https:\\\/\\\/www.onedose.io\\\/en\\\/our-ethical-values\\\/\"]}]},{\"@type\":\"BreadcrumbList\",\"@id\":\"https:\\\/\\\/www.onedose.io\\\/en\\\/our-ethical-values\\\/#breadcrumb\",\"itemListElement\":[{\"@type\":\"ListItem\",\"position\":1,\"name\":\"Anasayfa\",\"item\":\"https:\\\/\\\/www.onedose.io\\\/en\\\/\"},{\"@type\":\"ListItem\",\"position\":2,\"name\":\"Our Ethical Values\"}]},{\"@type\":\"WebSite\",\"@id\":\"https:\\\/\\\/www.onedose.io\\\/en\\\/#website\",\"url\":\"https:\\\/\\\/www.onedose.io\\\/en\\\/\",\"name\":\"One Dose Health\",\"description\":\"Sa\u011fl\u0131kta Yeni Bir D\u00fcnya\",\"publisher\":{\"@id\":\"https:\\\/\\\/www.onedose.io\\\/en\\\/#organization\"},\"potentialAction\":[{\"@type\":\"SearchAction\",\"target\":{\"@type\":\"EntryPoint\",\"urlTemplate\":\"https:\\\/\\\/www.onedose.io\\\/en\\\/?s={search_term_string}\"},\"query-input\":{\"@type\":\"PropertyValueSpecification\",\"valueRequired\":true,\"valueName\":\"search_term_string\"}}],\"inLanguage\":\"en-US\"},{\"@type\":\"Organization\",\"@id\":\"https:\\\/\\\/www.onedose.io\\\/en\\\/#organization\",\"name\":\"One Dose\",\"url\":\"https:\\\/\\\/www.onedose.io\\\/en\\\/\",\"logo\":{\"@type\":\"ImageObject\",\"inLanguage\":\"en-US\",\"@id\":\"https:\\\/\\\/www.onedose.io\\\/en\\\/#\\\/schema\\\/logo\\\/image\\\/\",\"url\":\"https:\\\/\\\/www.onedose.io\\\/wp-content\\\/uploads\\\/2023\\\/04\\\/onedose_black.png\",\"contentUrl\":\"https:\\\/\\\/www.onedose.io\\\/wp-content\\\/uploads\\\/2023\\\/04\\\/onedose_black.png\",\"width\":314,\"height\":193,\"caption\":\"One Dose\"},\"image\":{\"@id\":\"https:\\\/\\\/www.onedose.io\\\/en\\\/#\\\/schema\\\/logo\\\/image\\\/\"},\"sameAs\":[\"https:\\\/\\\/www.facebook.com\\\/One-Dose-Health-118078991228812\",\"https:\\\/\\\/x.com\\\/onedose_health\",\"https:\\\/\\\/www.instagram.com\\\/onedosehealth\\\/\",\"https:\\\/\\\/www.youtube.com\\\/@onedosehealth\"]}]}<\/script>\n<!-- \/ Yoast SEO Premium plugin. -->","yoast_head_json":{"title":"Our Ethical Values - One Dose","robots":{"index":"index","follow":"follow","max-snippet":"max-snippet:-1","max-image-preview":"max-image-preview:large","max-video-preview":"max-video-preview:-1"},"canonical":"https:\/\/www.onedose.io\/en\/our-ethical-values\/","og_locale":"en_US","og_type":"article","og_title":"Our Ethical Values","og_description":"[vc_row pix_particles_check=&#8221;&#8221;][vc_column][vc_column_text css=&#8221;&#8221;] Our Ethical Values and Working Principles &nbsp; One Dose Health transparently discloses its assets, management, and business status with integrity. We do not compromise on the principle of honesty in any of the services provided. We ensure...","og_url":"https:\/\/www.onedose.io\/en\/our-ethical-values\/","og_site_name":"One Dose","article_publisher":"https:\/\/www.facebook.com\/One-Dose-Health-118078991228812","article_modified_time":"2025-09-11T07:11:48+00:00","og_image":[{"width":314,"height":193,"url":"https:\/\/www.onedose.io\/wp-content\/uploads\/2023\/04\/onedose_black.png","type":"image\/png"}],"twitter_card":"summary_large_image","twitter_site":"@onedose_health","twitter_misc":{"Est. reading time":"2 minutes"},"schema":{"@context":"https:\/\/schema.org","@graph":[{"@type":"WebPage","@id":"https:\/\/www.onedose.io\/en\/our-ethical-values\/","url":"https:\/\/www.onedose.io\/en\/our-ethical-values\/","name":"Our Ethical Values - One Dose","isPartOf":{"@id":"https:\/\/www.onedose.io\/en\/#website"},"datePublished":"2025-04-09T12:59:18+00:00","dateModified":"2025-09-11T07:11:48+00:00","breadcrumb":{"@id":"https:\/\/www.onedose.io\/en\/our-ethical-values\/#breadcrumb"},"inLanguage":"en-US","potentialAction":[{"@type":"ReadAction","target":["https:\/\/www.onedose.io\/en\/our-ethical-values\/"]}]},{"@type":"BreadcrumbList","@id":"https:\/\/www.onedose.io\/en\/our-ethical-values\/#breadcrumb","itemListElement":[{"@type":"ListItem","position":1,"name":"Anasayfa","item":"https:\/\/www.onedose.io\/en\/"},{"@type":"ListItem","position":2,"name":"Our Ethical Values"}]},{"@type":"WebSite","@id":"https:\/\/www.onedose.io\/en\/#website","url":"https:\/\/www.onedose.io\/en\/","name":"One Dose Health","description":"Sa\u011fl\u0131kta Yeni Bir D\u00fcnya","publisher":{"@id":"https:\/\/www.onedose.io\/en\/#organization"},"potentialAction":[{"@type":"SearchAction","target":{"@type":"EntryPoint","urlTemplate":"https:\/\/www.onedose.io\/en\/?s={search_term_string}"},"query-input":{"@type":"PropertyValueSpecification","valueRequired":true,"valueName":"search_term_string"}}],"inLanguage":"en-US"},{"@type":"Organization","@id":"https:\/\/www.onedose.io\/en\/#organization","name":"One Dose","url":"https:\/\/www.onedose.io\/en\/","logo":{"@type":"ImageObject","inLanguage":"en-US","@id":"https:\/\/www.onedose.io\/en\/#\/schema\/logo\/image\/","url":"https:\/\/www.onedose.io\/wp-content\/uploads\/2023\/04\/onedose_black.png","contentUrl":"https:\/\/www.onedose.io\/wp-content\/uploads\/2023\/04\/onedose_black.png","width":314,"height":193,"caption":"One Dose"},"image":{"@id":"https:\/\/www.onedose.io\/en\/#\/schema\/logo\/image\/"},"sameAs":["https:\/\/www.facebook.com\/One-Dose-Health-118078991228812","https:\/\/x.com\/onedose_health","https:\/\/www.instagram.com\/onedosehealth\/","https:\/\/www.youtube.com\/@onedosehealth"]}]}},"_links":{"self":[{"href":"https:\/\/www.onedose.io\/en\/wp-json\/wp\/v2\/pages\/42474","targetHints":{"allow":["GET"]}}],"collection":[{"href":"https:\/\/www.onedose.io\/en\/wp-json\/wp\/v2\/pages"}],"about":[{"href":"https:\/\/www.onedose.io\/en\/wp-json\/wp\/v2\/types\/page"}],"author":[{"embeddable":true,"href":"https:\/\/www.onedose.io\/en\/wp-json\/wp\/v2\/users\/6"}],"replies":[{"embeddable":true,"href":"https:\/\/www.onedose.io\/en\/wp-json\/wp\/v2\/comments?post=42474"}],"version-history":[{"count":4,"href":"https:\/\/www.onedose.io\/en\/wp-json\/wp\/v2\/pages\/42474\/revisions"}],"predecessor-version":[{"id":43723,"href":"https:\/\/www.onedose.io\/en\/wp-json\/wp\/v2\/pages\/42474\/revisions\/43723"}],"wp:attachment":[{"href":"https:\/\/www.onedose.io\/en\/wp-json\/wp\/v2\/media?parent=42474"}],"curies":[{"name":"wp","href":"https:\/\/api.w.org\/{rel}","templated":true}]}}